{"id":15347,"date":"2024-11-29T18:30:40","date_gmt":"2024-11-29T17:30:40","guid":{"rendered":"https:\/\/stampcurio.com\/product\/1939-erteklevel-ajanlott-libanon-budapest-50-piaster-belyeggel-rendkivul-ritka-bermentesitessel\/"},"modified":"2025-12-05T04:07:12","modified_gmt":"2025-12-05T03:07:12","slug":"1939-libanon-ajanlott-erteklevel-budapestre-50-piaster-belyeggel-ritka-egybelyeges-bermentesitessel-sok-szep-atmeno-belyegzessel","status":"publish","type":"product","link":"https:\/\/stampcurio.com\/hu\/termek\/1939-libanon-ajanlott-erteklevel-budapestre-50-piaster-belyeggel-ritka-egybelyeges-bermentesitessel-sok-szep-atmeno-belyegzessel\/","title":{"rendered":"1939 Libanon &#8211; aj\u00e1nlott \u00e9rt\u00e9klev\u00e9l Budapestre 50 piaster b\u00e9lyeggel, ritka egyb\u00e9lyeges b\u00e9rmentes\u00edt\u00e9ssel &#8211; sok sz\u00e9p \u00e1tmen\u0151 b\u00e9lyegz\u00e9ssel"},"content":{"rendered":"","protected":false},"excerpt":{"rendered":"<p>Brindisi tranzitb\u00e9lyegz\u0151<\/p>\n","protected":false},"featured_media":23800,"template":"","meta":[],"product_brand":[],"product_cat":[1224,1220,1172,1183],"product_tag":[1664,116,1041,1267,89],"class_list":{"0":"post-15347","1":"product","2":"type-product","3":"status-publish","4":"has-post-thumbnail","6":"product_cat-izrael","7":"product_cat-libanon","8":"product_cat-magyarorszag","9":"product_cat-olaszorszag","10":"product_tag-2nd-auction-hu","11":"product_tag-belyeg","12":"product_tag-marcophily-hu","13":"product_tag-mozgoposta","14":"product_tag-postatortenet","16":"first","17":"instock","18":"sold-individually","19":"shipping-taxable","20":"product-type-simple"},"_links":{"self":[{"href":"https:\/\/stampcurio.com\/hu\/wp-json\/wp\/v2\/product\/15347","targetHints":{"allow":["GET"]}}],"collection":[{"href":"https:\/\/stampcurio.com\/hu\/wp-json\/wp\/v2\/product"}],"about":[{"href":"https:\/\/stampcurio.com\/hu\/wp-json\/wp\/v2\/types\/product"}],"wp:featuredmedia":[{"embeddable":true,"href":"https:\/\/stampcurio.com\/hu\/wp-json\/wp\/v2\/media\/23800"}],"wp:attachment":[{"href":"https:\/\/stampcurio.com\/hu\/wp-json\/wp\/v2\/media?parent=15347"}],"wp:term":[{"taxonomy":"product_brand","embeddable":true,"href":"https:\/\/stampcurio.com\/hu\/wp-json\/wp\/v2\/product_brand?post=15347"},{"taxonomy":"product_cat","embeddable":true,"href":"https:\/\/stampcurio.com\/hu\/wp-json\/wp\/v2\/product_cat?post=15347"},{"taxonomy":"product_tag","embeddable":true,"href":"https:\/\/stampcurio.com\/hu\/wp-json\/wp\/v2\/product_tag?post=15347"}],"curies":[{"name":"wp","href":"https:\/\/api.w.org\/{rel}","templated":true}]}}