{"id":15346,"date":"2024-11-29T18:30:40","date_gmt":"2024-11-29T17:30:40","guid":{"rendered":"https:\/\/stampcurio.com\/product\/1929-03-23-damaszkusz-budapest-az-1928-as-felulnyomott-kiadas-7-pi-50-a-2-pi-50-en-cimlet-egyes-bermentesitesevel\/"},"modified":"2025-12-05T04:07:12","modified_gmt":"2025-12-05T03:07:12","slug":"1929-sziria-budapestre-kuldott-gyaszjelentes-az-1928-as-kiadas-7-50-pi-egyes-bermentesitessel","status":"publish","type":"product","link":"https:\/\/stampcurio.com\/hu\/termek\/1929-sziria-budapestre-kuldott-gyaszjelentes-az-1928-as-kiadas-7-50-pi-egyes-bermentesitessel\/","title":{"rendered":"1929 Sz\u00edria \u2013 Budapestre k\u00fcld\u00f6tt gy\u00e1szjelent\u00e9s &#8211; az 1928-as kiad\u00e1s 7.50 pi. egyes b\u00e9rmentes\u00edt\u00e9ssel"},"content":{"rendered":"","protected":false},"excerpt":{"rendered":"","protected":false},"featured_media":23806,"template":"","meta":[],"product_brand":[],"product_cat":[1172,1264],"product_tag":[1664,116,1041,89],"class_list":{"0":"post-15346","1":"product","2":"type-product","3":"status-publish","4":"has-post-thumbnail","6":"product_cat-magyarorszag","7":"product_cat-sziria","8":"product_tag-2nd-auction-hu","9":"product_tag-belyeg","10":"product_tag-marcophily-hu","11":"product_tag-postatortenet","13":"first","14":"instock","15":"sold-individually","16":"shipping-taxable","17":"product-type-simple"},"_links":{"self":[{"href":"https:\/\/stampcurio.com\/hu\/wp-json\/wp\/v2\/product\/15346","targetHints":{"allow":["GET"]}}],"collection":[{"href":"https:\/\/stampcurio.com\/hu\/wp-json\/wp\/v2\/product"}],"about":[{"href":"https:\/\/stampcurio.com\/hu\/wp-json\/wp\/v2\/types\/product"}],"wp:featuredmedia":[{"embeddable":true,"href":"https:\/\/stampcurio.com\/hu\/wp-json\/wp\/v2\/media\/23806"}],"wp:attachment":[{"href":"https:\/\/stampcurio.com\/hu\/wp-json\/wp\/v2\/media?parent=15346"}],"wp:term":[{"taxonomy":"product_brand","embeddable":true,"href":"https:\/\/stampcurio.com\/hu\/wp-json\/wp\/v2\/product_brand?post=15346"},{"taxonomy":"product_cat","embeddable":true,"href":"https:\/\/stampcurio.com\/hu\/wp-json\/wp\/v2\/product_cat?post=15346"},{"taxonomy":"product_tag","embeddable":true,"href":"https:\/\/stampcurio.com\/hu\/wp-json\/wp\/v2\/product_tag?post=15346"}],"curies":[{"name":"wp","href":"https:\/\/api.w.org\/{rel}","templated":true}]}}