{"id":15345,"date":"2024-11-29T18:30:40","date_gmt":"2024-11-29T17:30:40","guid":{"rendered":"https:\/\/stampcurio.com\/product\/1881-03-29-az-1876-78-as-kiadasu-75c-es-karmin-i-t-sage-belyeg-egyes-bermentesitese-ajanlott-levelen-parizs-komarom-ii-tipusu-parizs-budapest\/"},"modified":"2025-12-05T04:07:12","modified_gmt":"2025-12-05T03:07:12","slug":"1881-franciaorszag-sage-75-centimes-i-es-ii-tipusu-karmin-belyeg-egybelyeges-bermentesitesei-magyarorszagra-kuldott-ajanlott-leveleken-budapest-komarom","status":"publish","type":"product","link":"https:\/\/stampcurio.com\/hu\/termek\/1881-franciaorszag-sage-75-centimes-i-es-ii-tipusu-karmin-belyeg-egybelyeges-bermentesitesei-magyarorszagra-kuldott-ajanlott-leveleken-budapest-komarom\/","title":{"rendered":"1881 Franciaorsz\u00e1g &#8211; SAGE 75 centimes I. \u00e9s II. t\u00edpus\u00fa k\u00e1rmin b\u00e9lyeg egyb\u00e9lyeges b\u00e9rmentes\u00edt\u00e9sei Magyarorsz\u00e1gra k\u00fcld\u00f6tt aj\u00e1nlott leveleken \/ Budapest, Kom\u00e1rom"},"content":{"rendered":"","protected":false},"excerpt":{"rendered":"<p>I.: P\u00e1rizs \u2013 Kom\u00e1rom + II.: P\u00e1rizs \u2013 Budapest<\/p>\n","protected":false},"featured_media":18377,"template":"","meta":[],"product_brand":[],"product_cat":[1181,1172],"product_tag":[1664,116,89],"class_list":{"0":"post-15345","1":"product","2":"type-product","3":"status-publish","4":"has-post-thumbnail","6":"product_cat-franciaorszag","7":"product_cat-magyarorszag","8":"product_tag-2nd-auction-hu","9":"product_tag-belyeg","10":"product_tag-postatortenet","12":"first","13":"instock","14":"sold-individually","15":"shipping-taxable","16":"product-type-simple"},"_links":{"self":[{"href":"https:\/\/stampcurio.com\/hu\/wp-json\/wp\/v2\/product\/15345","targetHints":{"allow":["GET"]}}],"collection":[{"href":"https:\/\/stampcurio.com\/hu\/wp-json\/wp\/v2\/product"}],"about":[{"href":"https:\/\/stampcurio.com\/hu\/wp-json\/wp\/v2\/types\/product"}],"wp:featuredmedia":[{"embeddable":true,"href":"https:\/\/stampcurio.com\/hu\/wp-json\/wp\/v2\/media\/18377"}],"wp:attachment":[{"href":"https:\/\/stampcurio.com\/hu\/wp-json\/wp\/v2\/media?parent=15345"}],"wp:term":[{"taxonomy":"product_brand","embeddable":true,"href":"https:\/\/stampcurio.com\/hu\/wp-json\/wp\/v2\/product_brand?post=15345"},{"taxonomy":"product_cat","embeddable":true,"href":"https:\/\/stampcurio.com\/hu\/wp-json\/wp\/v2\/product_cat?post=15345"},{"taxonomy":"product_tag","embeddable":true,"href":"https:\/\/stampcurio.com\/hu\/wp-json\/wp\/v2\/product_tag?post=15345"}],"curies":[{"name":"wp","href":"https:\/\/api.w.org\/{rel}","templated":true}]}}