{"id":15343,"date":"2024-11-29T18:30:39","date_gmt":"2024-11-29T17:30:39","guid":{"rendered":"https:\/\/stampcurio.com\/product\/a-19-20-szazad-fordulojan-feladott-2-level-egy-ajanlott-es-egy-3-sulyfokozatu-az-1884-90-es-sage-kiadas-25c-cimleteivel-bermentesitve\/"},"modified":"2025-12-05T04:07:14","modified_gmt":"2025-12-05T03:07:14","slug":"1900-franciaorszag-ajanlott-level-es-egy-harmadik-sulyfokozatu-level-magyarorszagra-kuldve-ritkabb-kuldemenyfajta","status":"publish","type":"product","link":"https:\/\/stampcurio.com\/hu\/termek\/1900-franciaorszag-ajanlott-level-es-egy-harmadik-sulyfokozatu-level-magyarorszagra-kuldve-ritkabb-kuldemenyfajta\/","title":{"rendered":"1900 Franciaorsz\u00e1g &#8211; aj\u00e1nlott lev\u00e9l \u00e9s egy harmadik (!) s\u00falyfokozat\u00fa lev\u00e9l magyarorsz\u00e1gra k\u00fcldve &#8211; ritk\u00e1bb k\u00fcldem\u00e9nyfajta"},"content":{"rendered":"","protected":false},"excerpt":{"rendered":"","protected":false},"featured_media":18025,"template":"","meta":[],"product_brand":[],"product_cat":[1181,1172],"product_tag":[1664,116,89],"class_list":{"0":"post-15343","1":"product","2":"type-product","3":"status-publish","4":"has-post-thumbnail","6":"product_cat-franciaorszag","7":"product_cat-magyarorszag","8":"product_tag-2nd-auction-hu","9":"product_tag-belyeg","10":"product_tag-postatortenet","12":"first","13":"instock","14":"sold-individually","15":"shipping-taxable","16":"product-type-simple"},"_links":{"self":[{"href":"https:\/\/stampcurio.com\/hu\/wp-json\/wp\/v2\/product\/15343","targetHints":{"allow":["GET"]}}],"collection":[{"href":"https:\/\/stampcurio.com\/hu\/wp-json\/wp\/v2\/product"}],"about":[{"href":"https:\/\/stampcurio.com\/hu\/wp-json\/wp\/v2\/types\/product"}],"wp:featuredmedia":[{"embeddable":true,"href":"https:\/\/stampcurio.com\/hu\/wp-json\/wp\/v2\/media\/18025"}],"wp:attachment":[{"href":"https:\/\/stampcurio.com\/hu\/wp-json\/wp\/v2\/media?parent=15343"}],"wp:term":[{"taxonomy":"product_brand","embeddable":true,"href":"https:\/\/stampcurio.com\/hu\/wp-json\/wp\/v2\/product_brand?post=15343"},{"taxonomy":"product_cat","embeddable":true,"href":"https:\/\/stampcurio.com\/hu\/wp-json\/wp\/v2\/product_cat?post=15343"},{"taxonomy":"product_tag","embeddable":true,"href":"https:\/\/stampcurio.com\/hu\/wp-json\/wp\/v2\/product_tag?post=15343"}],"curies":[{"name":"wp","href":"https:\/\/api.w.org\/{rel}","templated":true}]}}