{"id":15342,"date":"2024-11-29T18:30:39","date_gmt":"2024-11-29T17:30:39","guid":{"rendered":"https:\/\/stampcurio.com\/product\/az-upu-hoz-valo-csatlakozas-utan-1876-06-14-megjelent-sage-kiadassal-bermentesitett-penzeslevel-2x10-c-ii-tipus-1x40c-i-tipus-belyeggel\/"},"modified":"2025-12-05T04:07:13","modified_gmt":"2025-12-05T03:07:13","slug":"1876-franciaorszag-sage-2x10-c-ii-tipus-1x-40c-i-tipus-belyeggel-bermentesitett-penzeslevel","status":"publish","type":"product","link":"https:\/\/stampcurio.com\/hu\/termek\/1876-franciaorszag-sage-2x10-c-ii-tipus-1x-40c-i-tipus-belyeggel-bermentesitett-penzeslevel\/","title":{"rendered":"1876 Franciaorsz\u00e1g &#8211; SAGE 2&#215;10 c (II. t\u00edpus) + 1x 40c (I. t\u00edpus) b\u00e9lyeggel b\u00e9rmentes\u00edtett p\u00e9nzeslev\u00e9l"},"content":{"rendered":"","protected":false},"excerpt":{"rendered":"","protected":false},"featured_media":18030,"template":"","meta":[],"product_brand":[],"product_cat":[1181],"product_tag":[1664,116,89],"class_list":{"0":"post-15342","1":"product","2":"type-product","3":"status-publish","4":"has-post-thumbnail","6":"product_cat-franciaorszag","7":"product_tag-2nd-auction-hu","8":"product_tag-belyeg","9":"product_tag-postatortenet","11":"first","12":"instock","13":"sold-individually","14":"shipping-taxable","15":"product-type-simple"},"_links":{"self":[{"href":"https:\/\/stampcurio.com\/hu\/wp-json\/wp\/v2\/product\/15342","targetHints":{"allow":["GET"]}}],"collection":[{"href":"https:\/\/stampcurio.com\/hu\/wp-json\/wp\/v2\/product"}],"about":[{"href":"https:\/\/stampcurio.com\/hu\/wp-json\/wp\/v2\/types\/product"}],"wp:featuredmedia":[{"embeddable":true,"href":"https:\/\/stampcurio.com\/hu\/wp-json\/wp\/v2\/media\/18030"}],"wp:attachment":[{"href":"https:\/\/stampcurio.com\/hu\/wp-json\/wp\/v2\/media?parent=15342"}],"wp:term":[{"taxonomy":"product_brand","embeddable":true,"href":"https:\/\/stampcurio.com\/hu\/wp-json\/wp\/v2\/product_brand?post=15342"},{"taxonomy":"product_cat","embeddable":true,"href":"https:\/\/stampcurio.com\/hu\/wp-json\/wp\/v2\/product_cat?post=15342"},{"taxonomy":"product_tag","embeddable":true,"href":"https:\/\/stampcurio.com\/hu\/wp-json\/wp\/v2\/product_tag?post=15342"}],"curies":[{"name":"wp","href":"https:\/\/api.w.org\/{rel}","templated":true}]}}