{"id":15341,"date":"2024-11-29T18:30:39","date_gmt":"2024-11-29T17:30:39","guid":{"rendered":"https:\/\/stampcurio.com\/product\/1875-level-marseille-genf-115-c-iii-koztarsasag-ceres-fej-nagy-szamjeggyel-115c-kis-szamjeggyel-es-110-c-azonos-kiadas-40-c\/"},"modified":"2025-12-05T04:07:13","modified_gmt":"2025-12-05T03:07:13","slug":"1875-franciaorszag-genfbe-kuldott-levelen-vegyes-bermentesites-eltero-kiadasu-15c-ceres-belyegek-nagy-es-kis-szamjegyek","status":"publish","type":"product","link":"https:\/\/stampcurio.com\/hu\/termek\/1875-franciaorszag-genfbe-kuldott-levelen-vegyes-bermentesites-eltero-kiadasu-15c-ceres-belyegek-nagy-es-kis-szamjegyek\/","title":{"rendered":"1875 Franciaorsz\u00e1g &#8211; Genfbe k\u00fcld\u00f6tt lev\u00e9len vegyes b\u00e9rmentes\u00edt\u00e9s \/ elt\u00e9r\u0151 kiad\u00e1s\u00fa 15c Ceres b\u00e9lyegek: nagy \u00e9s kis sz\u00e1mjegyek"},"content":{"rendered":"","protected":false},"excerpt":{"rendered":"","protected":false},"featured_media":18039,"template":"","meta":[],"product_brand":[],"product_cat":[1181,1191],"product_tag":[1664,116,89],"class_list":{"0":"post-15341","1":"product","2":"type-product","3":"status-publish","4":"has-post-thumbnail","6":"product_cat-franciaorszag","7":"product_cat-svajc","8":"product_tag-2nd-auction-hu","9":"product_tag-belyeg","10":"product_tag-postatortenet","12":"first","13":"instock","14":"sold-individually","15":"shipping-taxable","16":"product-type-simple"},"_links":{"self":[{"href":"https:\/\/stampcurio.com\/hu\/wp-json\/wp\/v2\/product\/15341","targetHints":{"allow":["GET"]}}],"collection":[{"href":"https:\/\/stampcurio.com\/hu\/wp-json\/wp\/v2\/product"}],"about":[{"href":"https:\/\/stampcurio.com\/hu\/wp-json\/wp\/v2\/types\/product"}],"wp:featuredmedia":[{"embeddable":true,"href":"https:\/\/stampcurio.com\/hu\/wp-json\/wp\/v2\/media\/18039"}],"wp:attachment":[{"href":"https:\/\/stampcurio.com\/hu\/wp-json\/wp\/v2\/media?parent=15341"}],"wp:term":[{"taxonomy":"product_brand","embeddable":true,"href":"https:\/\/stampcurio.com\/hu\/wp-json\/wp\/v2\/product_brand?post=15341"},{"taxonomy":"product_cat","embeddable":true,"href":"https:\/\/stampcurio.com\/hu\/wp-json\/wp\/v2\/product_cat?post=15341"},{"taxonomy":"product_tag","embeddable":true,"href":"https:\/\/stampcurio.com\/hu\/wp-json\/wp\/v2\/product_tag?post=15341"}],"curies":[{"name":"wp","href":"https:\/\/api.w.org\/{rel}","templated":true}]}}