{"id":15338,"date":"2024-11-29T18:30:35","date_gmt":"2024-11-29T17:30:35","guid":{"rendered":"https:\/\/stampcurio.com\/product\/xxx-hradzsin-tevnyomat-3x-5-20-flood\/"},"modified":"2025-12-05T04:07:14","modified_gmt":"2025-12-05T03:07:14","slug":"1918-csehszlovakia-hradzsin-tevnyomatok-3-db-szallitolevel-kivagason","status":"publish","type":"product","link":"https:\/\/stampcurio.com\/hu\/termek\/1918-csehszlovakia-hradzsin-tevnyomatok-3-db-szallitolevel-kivagason\/","title":{"rendered":"1918 Csehszlov\u00e1kia &#8211; Hradzsin t\u00e9vnyomatok 3 db sz\u00e1ll\u00edt\u00f3lev\u00e9l kiv\u00e1g\u00e1son"},"content":{"rendered":"","protected":false},"excerpt":{"rendered":"","protected":false},"featured_media":17969,"template":"","meta":[],"product_brand":[],"product_cat":[1238,1189],"product_tag":[1664,116,217,1006],"class_list":{"0":"post-15338","1":"product","2":"type-product","3":"status-publish","4":"has-post-thumbnail","6":"product_cat-csehorszag","7":"product_cat-szlovakia","8":"product_tag-2nd-auction-hu","9":"product_tag-belyeg","10":"product_tag-tevnyomat","11":"product_tag-unsold","13":"first","14":"instock","15":"sold-individually","16":"shipping-taxable","17":"product-type-simple"},"_links":{"self":[{"href":"https:\/\/stampcurio.com\/hu\/wp-json\/wp\/v2\/product\/15338","targetHints":{"allow":["GET"]}}],"collection":[{"href":"https:\/\/stampcurio.com\/hu\/wp-json\/wp\/v2\/product"}],"about":[{"href":"https:\/\/stampcurio.com\/hu\/wp-json\/wp\/v2\/types\/product"}],"wp:featuredmedia":[{"embeddable":true,"href":"https:\/\/stampcurio.com\/hu\/wp-json\/wp\/v2\/media\/17969"}],"wp:attachment":[{"href":"https:\/\/stampcurio.com\/hu\/wp-json\/wp\/v2\/media?parent=15338"}],"wp:term":[{"taxonomy":"product_brand","embeddable":true,"href":"https:\/\/stampcurio.com\/hu\/wp-json\/wp\/v2\/product_brand?post=15338"},{"taxonomy":"product_cat","embeddable":true,"href":"https:\/\/stampcurio.com\/hu\/wp-json\/wp\/v2\/product_cat?post=15338"},{"taxonomy":"product_tag","embeddable":true,"href":"https:\/\/stampcurio.com\/hu\/wp-json\/wp\/v2\/product_tag?post=15338"}],"curies":[{"name":"wp","href":"https:\/\/api.w.org\/{rel}","templated":true}]}}