{"id":15337,"date":"2024-11-29T18:30:34","date_gmt":"2024-11-29T17:30:34","guid":{"rendered":"https:\/\/stampcurio.com\/product\/1945-augusztus-31-ajanlott-tav-level-kapsovari-cenzuraval-simontornya-kisegito-gumibelyegzojevel\/"},"modified":"2025-12-05T04:07:16","modified_gmt":"2025-12-05T03:07:16","slug":"1945-magyarorszag-augusztus-31-en-ajanlott-tavolsagi-level-kaposvari-cenzuraval-es-simontornya-kisegito-gumibelyegzojevel","status":"publish","type":"product","link":"https:\/\/stampcurio.com\/hu\/termek\/1945-magyarorszag-augusztus-31-en-ajanlott-tavolsagi-level-kaposvari-cenzuraval-es-simontornya-kisegito-gumibelyegzojevel\/","title":{"rendered":"1945 Magyarorsz\u00e1g &#8211; Augusztus 31-\u00e9n aj\u00e1nlott t\u00e1vols\u00e1gi lev\u00e9l kaposv\u00e1ri cenz\u00far\u00e1val \u00e9s SIMONTORNYA kiseg\u00edt\u0151 gumib\u00e9lyegz\u0151j\u00e9vel"},"content":{"rendered":"","protected":false},"excerpt":{"rendered":"","protected":false},"featured_media":17963,"template":"","meta":[],"product_brand":[],"product_cat":[1172],"product_tag":[279,1664,233,1041,89,256,1006],"class_list":{"0":"post-15337","1":"product","2":"type-product","3":"status-publish","4":"has-post-thumbnail","6":"product_cat-magyarorszag","7":"product_tag-1944-45","8":"product_tag-2nd-auction-hu","9":"product_tag-cenzura","10":"product_tag-marcophily-hu","11":"product_tag-postatortenet","12":"product_tag-provizorium","13":"product_tag-unsold","15":"first","16":"instock","17":"sold-individually","18":"shipping-taxable","19":"product-type-simple"},"_links":{"self":[{"href":"https:\/\/stampcurio.com\/hu\/wp-json\/wp\/v2\/product\/15337","targetHints":{"allow":["GET"]}}],"collection":[{"href":"https:\/\/stampcurio.com\/hu\/wp-json\/wp\/v2\/product"}],"about":[{"href":"https:\/\/stampcurio.com\/hu\/wp-json\/wp\/v2\/types\/product"}],"wp:featuredmedia":[{"embeddable":true,"href":"https:\/\/stampcurio.com\/hu\/wp-json\/wp\/v2\/media\/17963"}],"wp:attachment":[{"href":"https:\/\/stampcurio.com\/hu\/wp-json\/wp\/v2\/media?parent=15337"}],"wp:term":[{"taxonomy":"product_brand","embeddable":true,"href":"https:\/\/stampcurio.com\/hu\/wp-json\/wp\/v2\/product_brand?post=15337"},{"taxonomy":"product_cat","embeddable":true,"href":"https:\/\/stampcurio.com\/hu\/wp-json\/wp\/v2\/product_cat?post=15337"},{"taxonomy":"product_tag","embeddable":true,"href":"https:\/\/stampcurio.com\/hu\/wp-json\/wp\/v2\/product_tag?post=15337"}],"curies":[{"name":"wp","href":"https:\/\/api.w.org\/{rel}","templated":true}]}}