{"id":15335,"date":"2024-11-29T18:30:34","date_gmt":"2024-11-29T17:30:34","guid":{"rendered":"https:\/\/stampcurio.com\/product\/1943-hadvezerek-30f-komplett-vagott-iv\/"},"modified":"2025-12-05T04:07:15","modified_gmt":"2025-12-05T03:07:15","slug":"1943-magyarorszag-hadvezerek-30-filler-komplett-vagott-iv-jelenleg-harom-vagott-iv-ismert-phu-125-eur","status":"publish","type":"product","link":"https:\/\/stampcurio.com\/hu\/termek\/1943-magyarorszag-hadvezerek-30-filler-komplett-vagott-iv-jelenleg-harom-vagott-iv-ismert-phu-125-eur\/","title":{"rendered":"1943 Magyarorsz\u00e1g &#8211; Hadvez\u00e9rek 30 fill\u00e9r komplett v\u00e1gott \u00edv (!) &#8211; jelenleg h\u00e1rom v\u00e1gott \u00edv ismert | PHu: 125+++ EUR"},"content":{"rendered":"","protected":false},"excerpt":{"rendered":"","protected":false},"featured_media":24596,"template":"","meta":[],"product_brand":[],"product_cat":[1172],"product_tag":[1664,116,217],"class_list":{"0":"post-15335","1":"product","2":"type-product","3":"status-publish","4":"has-post-thumbnail","6":"product_cat-magyarorszag","7":"product_tag-2nd-auction-hu","8":"product_tag-belyeg","9":"product_tag-tevnyomat","11":"first","12":"instock","13":"sold-individually","14":"shipping-taxable","15":"product-type-simple"},"_links":{"self":[{"href":"https:\/\/stampcurio.com\/hu\/wp-json\/wp\/v2\/product\/15335","targetHints":{"allow":["GET"]}}],"collection":[{"href":"https:\/\/stampcurio.com\/hu\/wp-json\/wp\/v2\/product"}],"about":[{"href":"https:\/\/stampcurio.com\/hu\/wp-json\/wp\/v2\/types\/product"}],"wp:featuredmedia":[{"embeddable":true,"href":"https:\/\/stampcurio.com\/hu\/wp-json\/wp\/v2\/media\/24596"}],"wp:attachment":[{"href":"https:\/\/stampcurio.com\/hu\/wp-json\/wp\/v2\/media?parent=15335"}],"wp:term":[{"taxonomy":"product_brand","embeddable":true,"href":"https:\/\/stampcurio.com\/hu\/wp-json\/wp\/v2\/product_brand?post=15335"},{"taxonomy":"product_cat","embeddable":true,"href":"https:\/\/stampcurio.com\/hu\/wp-json\/wp\/v2\/product_cat?post=15335"},{"taxonomy":"product_tag","embeddable":true,"href":"https:\/\/stampcurio.com\/hu\/wp-json\/wp\/v2\/product_tag?post=15335"}],"curies":[{"name":"wp","href":"https:\/\/api.w.org\/{rel}","templated":true}]}}