{"id":15334,"date":"2024-11-29T18:30:33","date_gmt":"2024-11-29T17:30:33","guid":{"rendered":"https:\/\/stampcurio.com\/product\/1943-hadvezerek-sor-pengos-ertekei\/"},"modified":"2025-12-05T04:07:17","modified_gmt":"2025-12-05T03:07:17","slug":"1943-magyaroszag-hadvezerek-sor-pengos-ertekei-ivekben-michel-130-eur","status":"publish","type":"product","link":"https:\/\/stampcurio.com\/hu\/termek\/1943-magyaroszag-hadvezerek-sor-pengos-ertekei-ivekben-michel-130-eur\/","title":{"rendered":"1943 Magyarosz\u00e1g &#8211; Hadvez\u00e9rek sor peng\u0151s \u00e9rt\u00e9kei \u00edvekben | Michel: 130 EUR"},"content":{"rendered":"","protected":false},"excerpt":{"rendered":"","protected":false},"featured_media":24577,"template":"","meta":[],"product_brand":[],"product_cat":[1172],"product_tag":[1664,116],"class_list":{"0":"post-15334","1":"product","2":"type-product","3":"status-publish","4":"has-post-thumbnail","6":"product_cat-magyarorszag","7":"product_tag-2nd-auction-hu","8":"product_tag-belyeg","10":"first","11":"instock","12":"sold-individually","13":"shipping-taxable","14":"product-type-simple"},"_links":{"self":[{"href":"https:\/\/stampcurio.com\/hu\/wp-json\/wp\/v2\/product\/15334","targetHints":{"allow":["GET"]}}],"collection":[{"href":"https:\/\/stampcurio.com\/hu\/wp-json\/wp\/v2\/product"}],"about":[{"href":"https:\/\/stampcurio.com\/hu\/wp-json\/wp\/v2\/types\/product"}],"wp:featuredmedia":[{"embeddable":true,"href":"https:\/\/stampcurio.com\/hu\/wp-json\/wp\/v2\/media\/24577"}],"wp:attachment":[{"href":"https:\/\/stampcurio.com\/hu\/wp-json\/wp\/v2\/media?parent=15334"}],"wp:term":[{"taxonomy":"product_brand","embeddable":true,"href":"https:\/\/stampcurio.com\/hu\/wp-json\/wp\/v2\/product_brand?post=15334"},{"taxonomy":"product_cat","embeddable":true,"href":"https:\/\/stampcurio.com\/hu\/wp-json\/wp\/v2\/product_cat?post=15334"},{"taxonomy":"product_tag","embeddable":true,"href":"https:\/\/stampcurio.com\/hu\/wp-json\/wp\/v2\/product_tag?post=15334"}],"curies":[{"name":"wp","href":"https:\/\/api.w.org\/{rel}","templated":true}]}}