{"id":15333,"date":"2024-11-29T18:30:33","date_gmt":"2024-11-29T17:30:33","guid":{"rendered":"https:\/\/stampcurio.com\/product\/1944-nagyasszonyok-ivsor-teljes-szent-erzsebet-50f\/"},"modified":"2025-12-05T04:07:17","modified_gmt":"2025-12-05T03:07:17","slug":"1944-magyarorszag-nagyasszonyok-tejes-ivsor-szent-margit-50-filler-iv-michel-300-eur","status":"publish","type":"product","link":"https:\/\/stampcurio.com\/hu\/termek\/1944-magyarorszag-nagyasszonyok-tejes-ivsor-szent-margit-50-filler-iv-michel-300-eur\/","title":{"rendered":"1944 Magyarorsz\u00e1g &#8211; Nagyasszonyok tejes \u00edvsor + Szent Margit 50 fill\u00e9r \u00edv | Michel: 300 EUR"},"content":{"rendered":"","protected":false},"excerpt":{"rendered":"","protected":false},"featured_media":0,"template":"","meta":[],"product_brand":[],"product_cat":[1172],"product_tag":[279,1664,116,1006],"class_list":{"0":"post-15333","1":"product","2":"type-product","3":"status-publish","5":"product_cat-magyarorszag","6":"product_tag-1944-45","7":"product_tag-2nd-auction-hu","8":"product_tag-belyeg","9":"product_tag-unsold","11":"first","12":"instock","13":"sold-individually","14":"shipping-taxable","15":"product-type-simple"},"_links":{"self":[{"href":"https:\/\/stampcurio.com\/hu\/wp-json\/wp\/v2\/product\/15333","targetHints":{"allow":["GET"]}}],"collection":[{"href":"https:\/\/stampcurio.com\/hu\/wp-json\/wp\/v2\/product"}],"about":[{"href":"https:\/\/stampcurio.com\/hu\/wp-json\/wp\/v2\/types\/product"}],"wp:attachment":[{"href":"https:\/\/stampcurio.com\/hu\/wp-json\/wp\/v2\/media?parent=15333"}],"wp:term":[{"taxonomy":"product_brand","embeddable":true,"href":"https:\/\/stampcurio.com\/hu\/wp-json\/wp\/v2\/product_brand?post=15333"},{"taxonomy":"product_cat","embeddable":true,"href":"https:\/\/stampcurio.com\/hu\/wp-json\/wp\/v2\/product_cat?post=15333"},{"taxonomy":"product_tag","embeddable":true,"href":"https:\/\/stampcurio.com\/hu\/wp-json\/wp\/v2\/product_tag?post=15333"}],"curies":[{"name":"wp","href":"https:\/\/api.w.org\/{rel}","templated":true}]}}