{"id":15332,"date":"2024-11-29T18:30:33","date_gmt":"2024-11-29T17:30:33","guid":{"rendered":"https:\/\/stampcurio.com\/product\/1923-petofi-teljes-ivsor\/"},"modified":"2025-12-05T04:07:16","modified_gmt":"2025-12-05T03:07:16","slug":"1923-magyarorszag-petofi-teljes-sor-ivekben-a-10-korona-ket-eltero-szinu-felivben-michel-1000-eur","status":"publish","type":"product","link":"https:\/\/stampcurio.com\/hu\/termek\/1923-magyarorszag-petofi-teljes-sor-ivekben-a-10-korona-ket-eltero-szinu-felivben-michel-1000-eur\/","title":{"rendered":"1923 Magyarorsz\u00e1g &#8211; Pet\u0151fi teljes sor \u00edvekben a 10 Korona k\u00e9t elt\u00e9r\u0151 sz\u00edn\u0171 f\u00e9l\u00edvben | Michel: 1000++ EUR"},"content":{"rendered":"","protected":false},"excerpt":{"rendered":"","protected":false},"featured_media":24600,"template":"","meta":[],"product_brand":[],"product_cat":[1172],"product_tag":[1664,116,1006],"class_list":{"0":"post-15332","1":"product","2":"type-product","3":"status-publish","4":"has-post-thumbnail","6":"product_cat-magyarorszag","7":"product_tag-2nd-auction-hu","8":"product_tag-belyeg","9":"product_tag-unsold","11":"first","12":"instock","13":"sold-individually","14":"shipping-taxable","15":"product-type-simple"},"_links":{"self":[{"href":"https:\/\/stampcurio.com\/hu\/wp-json\/wp\/v2\/product\/15332","targetHints":{"allow":["GET"]}}],"collection":[{"href":"https:\/\/stampcurio.com\/hu\/wp-json\/wp\/v2\/product"}],"about":[{"href":"https:\/\/stampcurio.com\/hu\/wp-json\/wp\/v2\/types\/product"}],"wp:featuredmedia":[{"embeddable":true,"href":"https:\/\/stampcurio.com\/hu\/wp-json\/wp\/v2\/media\/24600"}],"wp:attachment":[{"href":"https:\/\/stampcurio.com\/hu\/wp-json\/wp\/v2\/media?parent=15332"}],"wp:term":[{"taxonomy":"product_brand","embeddable":true,"href":"https:\/\/stampcurio.com\/hu\/wp-json\/wp\/v2\/product_brand?post=15332"},{"taxonomy":"product_cat","embeddable":true,"href":"https:\/\/stampcurio.com\/hu\/wp-json\/wp\/v2\/product_cat?post=15332"},{"taxonomy":"product_tag","embeddable":true,"href":"https:\/\/stampcurio.com\/hu\/wp-json\/wp\/v2\/product_tag?post=15332"}],"curies":[{"name":"wp","href":"https:\/\/api.w.org\/{rel}","templated":true}]}}