{"id":15329,"date":"2024-11-29T18:30:32","date_gmt":"2024-11-29T17:30:32","guid":{"rendered":"https:\/\/stampcurio.com\/product\/1924-kisegito-porto-2000-korona-3-korona-2000korona-2korona\/"},"modified":"2025-12-05T04:07:18","modified_gmt":"2025-12-05T03:07:18","slug":"1924-magyarorszag-kisegito-porto-2000-3-korona-2000-2-korona-teljes-ivekben-benne-220-harmaslyukasztasu-belyeg-phu-540-eur","status":"publish","type":"product","link":"https:\/\/stampcurio.com\/hu\/termek\/1924-magyarorszag-kisegito-porto-2000-3-korona-2000-2-korona-teljes-ivekben-benne-220-harmaslyukasztasu-belyeg-phu-540-eur\/","title":{"rendered":"1924 Magyarorsz\u00e1g &#8211; kiseg\u00edt\u0151 port\u00f3 2000 \/ 3 korona + 2000 \/ 2 korona teljes \u00edvekben &#8211; benne 2*20 h\u00e1rmaslyukaszt\u00e1s\u00fa b\u00e9lyeg | PHu: 540 EUR"},"content":{"rendered":"","protected":false},"excerpt":{"rendered":"","protected":false},"featured_media":24581,"template":"","meta":[],"product_brand":[],"product_cat":[1172],"product_tag":[1664,116,230,108,217,1006],"class_list":{"0":"post-15329","1":"product","2":"type-product","3":"status-publish","4":"has-post-thumbnail","6":"product_cat-magyarorszag","7":"product_tag-2nd-auction-hu","8":"product_tag-belyeg","9":"product_tag-perfin","10":"product_tag-porto","11":"product_tag-tevnyomat","12":"product_tag-unsold","14":"first","15":"instock","16":"sold-individually","17":"shipping-taxable","18":"product-type-simple"},"_links":{"self":[{"href":"https:\/\/stampcurio.com\/hu\/wp-json\/wp\/v2\/product\/15329","targetHints":{"allow":["GET"]}}],"collection":[{"href":"https:\/\/stampcurio.com\/hu\/wp-json\/wp\/v2\/product"}],"about":[{"href":"https:\/\/stampcurio.com\/hu\/wp-json\/wp\/v2\/types\/product"}],"wp:featuredmedia":[{"embeddable":true,"href":"https:\/\/stampcurio.com\/hu\/wp-json\/wp\/v2\/media\/24581"}],"wp:attachment":[{"href":"https:\/\/stampcurio.com\/hu\/wp-json\/wp\/v2\/media?parent=15329"}],"wp:term":[{"taxonomy":"product_brand","embeddable":true,"href":"https:\/\/stampcurio.com\/hu\/wp-json\/wp\/v2\/product_brand?post=15329"},{"taxonomy":"product_cat","embeddable":true,"href":"https:\/\/stampcurio.com\/hu\/wp-json\/wp\/v2\/product_cat?post=15329"},{"taxonomy":"product_tag","embeddable":true,"href":"https:\/\/stampcurio.com\/hu\/wp-json\/wp\/v2\/product_tag?post=15329"}],"curies":[{"name":"wp","href":"https:\/\/api.w.org\/{rel}","templated":true}]}}