{"id":15328,"date":"2024-11-29T18:30:32","date_gmt":"2024-11-29T17:30:32","guid":{"rendered":"https:\/\/stampcurio.com\/product\/1913-arviz-12f-teljes-iv\/"},"modified":"2025-12-05T04:07:17","modified_gmt":"2025-12-05T03:07:17","slug":"1913-magyarorszag-turul-arviz-12-filler-teljes-iv-rozsdafoltok-ivszelen-fent-nyomdai-jelzessel-michel-300-eur","status":"publish","type":"product","link":"https:\/\/stampcurio.com\/hu\/termek\/1913-magyarorszag-turul-arviz-12-filler-teljes-iv-rozsdafoltok-ivszelen-fent-nyomdai-jelzessel-michel-300-eur\/","title":{"rendered":"1913 Magyarorsz\u00e1g &#8211; turul \u00e1rv\u00edz 12 fill\u00e9r teljes \u00edv &#8211; rozsdafoltok + \u00edvsz\u00e9len fent nyomdai jelz\u00e9ssel | Michel: 300++ EUR"},"content":{"rendered":"","protected":false},"excerpt":{"rendered":"","protected":false},"featured_media":24602,"template":"","meta":[],"product_brand":[],"product_cat":[1172],"product_tag":[1664,116,217,1006],"class_list":{"0":"post-15328","1":"product","2":"type-product","3":"status-publish","4":"has-post-thumbnail","6":"product_cat-magyarorszag","7":"product_tag-2nd-auction-hu","8":"product_tag-belyeg","9":"product_tag-tevnyomat","10":"product_tag-unsold","12":"first","13":"instock","14":"sold-individually","15":"shipping-taxable","16":"product-type-simple"},"_links":{"self":[{"href":"https:\/\/stampcurio.com\/hu\/wp-json\/wp\/v2\/product\/15328","targetHints":{"allow":["GET"]}}],"collection":[{"href":"https:\/\/stampcurio.com\/hu\/wp-json\/wp\/v2\/product"}],"about":[{"href":"https:\/\/stampcurio.com\/hu\/wp-json\/wp\/v2\/types\/product"}],"wp:featuredmedia":[{"embeddable":true,"href":"https:\/\/stampcurio.com\/hu\/wp-json\/wp\/v2\/media\/24602"}],"wp:attachment":[{"href":"https:\/\/stampcurio.com\/hu\/wp-json\/wp\/v2\/media?parent=15328"}],"wp:term":[{"taxonomy":"product_brand","embeddable":true,"href":"https:\/\/stampcurio.com\/hu\/wp-json\/wp\/v2\/product_brand?post=15328"},{"taxonomy":"product_cat","embeddable":true,"href":"https:\/\/stampcurio.com\/hu\/wp-json\/wp\/v2\/product_cat?post=15328"},{"taxonomy":"product_tag","embeddable":true,"href":"https:\/\/stampcurio.com\/hu\/wp-json\/wp\/v2\/product_tag?post=15328"}],"curies":[{"name":"wp","href":"https:\/\/api.w.org\/{rel}","templated":true}]}}