{"id":15327,"date":"2024-11-29T18:30:31","date_gmt":"2024-11-29T17:30:31","guid":{"rendered":"https:\/\/stampcurio.com\/product\/1915-hadi-ii-teljes-ivsor\/"},"modified":"2025-12-05T04:07:19","modified_gmt":"2025-12-05T03:07:19","slug":"1915-magyarorszag-turul-hadisegely-ii-teljes-sor-ivekben-szinvariansokkal-kiveve-az-5-koronas-erteket-de-az-is-negyedivben-rovid-felulnyomatu-60f-feliv-sosem-latott-lehetoseg-michel-3240","status":"publish","type":"product","link":"https:\/\/stampcurio.com\/hu\/termek\/1915-magyarorszag-turul-hadisegely-ii-teljes-sor-ivekben-szinvariansokkal-kiveve-az-5-koronas-erteket-de-az-is-negyedivben-rovid-felulnyomatu-60f-feliv-sosem-latott-lehetoseg-michel-3240\/","title":{"rendered":"1915 Magyarorsz\u00e1g &#8211; turul hadiseg\u00e9ly II. teljes sor \u00edvekben, sz\u00ednvari\u00e1nsokkal kiv\u00e9ve az 5 Koron\u00e1s \u00e9rt\u00e9ket de az is negyed\u00edvben! + r\u00f6vid fel\u00fclnyomat\u00fa 60f f\u00e9l\u00edv &#8211; sosem l\u00e1tott lehet\u0151s\u00e9g | Michel: 3240++ EUR"},"content":{"rendered":"","protected":false},"excerpt":{"rendered":"","protected":false},"featured_media":24585,"template":"","meta":[],"product_brand":[],"product_cat":[1172],"product_tag":[1664,116,176,217],"class_list":{"0":"post-15327","1":"product","2":"type-product","3":"status-publish","4":"has-post-thumbnail","6":"product_cat-magyarorszag","7":"product_tag-2nd-auction-hu","8":"product_tag-belyeg","9":"product_tag-philagem","10":"product_tag-tevnyomat","12":"first","13":"instock","14":"sold-individually","15":"shipping-taxable","16":"product-type-simple"},"_links":{"self":[{"href":"https:\/\/stampcurio.com\/hu\/wp-json\/wp\/v2\/product\/15327","targetHints":{"allow":["GET"]}}],"collection":[{"href":"https:\/\/stampcurio.com\/hu\/wp-json\/wp\/v2\/product"}],"about":[{"href":"https:\/\/stampcurio.com\/hu\/wp-json\/wp\/v2\/types\/product"}],"wp:featuredmedia":[{"embeddable":true,"href":"https:\/\/stampcurio.com\/hu\/wp-json\/wp\/v2\/media\/24585"}],"wp:attachment":[{"href":"https:\/\/stampcurio.com\/hu\/wp-json\/wp\/v2\/media?parent=15327"}],"wp:term":[{"taxonomy":"product_brand","embeddable":true,"href":"https:\/\/stampcurio.com\/hu\/wp-json\/wp\/v2\/product_brand?post=15327"},{"taxonomy":"product_cat","embeddable":true,"href":"https:\/\/stampcurio.com\/hu\/wp-json\/wp\/v2\/product_cat?post=15327"},{"taxonomy":"product_tag","embeddable":true,"href":"https:\/\/stampcurio.com\/hu\/wp-json\/wp\/v2\/product_tag?post=15327"}],"curies":[{"name":"wp","href":"https:\/\/api.w.org\/{rel}","templated":true}]}}