{"id":15325,"date":"2024-11-29T18:30:31","date_gmt":"2024-11-29T17:30:31","guid":{"rendered":"https:\/\/stampcurio.com\/product\/1920-parlament-tankozt-parlament-koronas-ertekei-hajtatlan-ivek\/"},"modified":"2025-12-05T04:07:18","modified_gmt":"2025-12-05T03:07:18","slug":"1920-magyarorszag-tanacskoztarsasag-parlament-teljes-sor-hajtatlan-ivekben-michel-1380-eur","status":"publish","type":"product","link":"https:\/\/stampcurio.com\/hu\/termek\/1920-magyarorszag-tanacskoztarsasag-parlament-teljes-sor-hajtatlan-ivekben-michel-1380-eur\/","title":{"rendered":"1920 Magyarorsz\u00e1g &#8211; Tan\u00e1csk\u00f6zt\u00e1rsas\u00e1g Parlament teljes sor hajtatlan \u00edvekben | Michel: 1380 EUR"},"content":{"rendered":"","protected":false},"excerpt":{"rendered":"","protected":false},"featured_media":24610,"template":"","meta":[],"product_brand":[],"product_cat":[1172],"product_tag":[1664,116],"class_list":{"0":"post-15325","1":"product","2":"type-product","3":"status-publish","4":"has-post-thumbnail","6":"product_cat-magyarorszag","7":"product_tag-2nd-auction-hu","8":"product_tag-belyeg","10":"first","11":"instock","12":"sold-individually","13":"shipping-taxable","14":"product-type-simple"},"_links":{"self":[{"href":"https:\/\/stampcurio.com\/hu\/wp-json\/wp\/v2\/product\/15325","targetHints":{"allow":["GET"]}}],"collection":[{"href":"https:\/\/stampcurio.com\/hu\/wp-json\/wp\/v2\/product"}],"about":[{"href":"https:\/\/stampcurio.com\/hu\/wp-json\/wp\/v2\/types\/product"}],"wp:featuredmedia":[{"embeddable":true,"href":"https:\/\/stampcurio.com\/hu\/wp-json\/wp\/v2\/media\/24610"}],"wp:attachment":[{"href":"https:\/\/stampcurio.com\/hu\/wp-json\/wp\/v2\/media?parent=15325"}],"wp:term":[{"taxonomy":"product_brand","embeddable":true,"href":"https:\/\/stampcurio.com\/hu\/wp-json\/wp\/v2\/product_brand?post=15325"},{"taxonomy":"product_cat","embeddable":true,"href":"https:\/\/stampcurio.com\/hu\/wp-json\/wp\/v2\/product_cat?post=15325"},{"taxonomy":"product_tag","embeddable":true,"href":"https:\/\/stampcurio.com\/hu\/wp-json\/wp\/v2\/product_tag?post=15325"}],"curies":[{"name":"wp","href":"https:\/\/api.w.org\/{rel}","templated":true}]}}