{"id":15324,"date":"2024-11-29T18:30:31","date_gmt":"2024-11-29T17:30:31","guid":{"rendered":"https:\/\/stampcurio.com\/product\/1919-20-tanacskozt-buzakalasz-95f-hajtatlan-teljes-ivekben-95f-ismetlodo-folt-a-belyegkozben-az-5-6-oszlop-kozott-a-4-sorban\/"},"modified":"2025-12-05T04:07:18","modified_gmt":"2025-12-05T03:07:18","slug":"1919-1920-magyarorszag-tanacskoztarsasag-buzakalasz-95-filler-postatiszta-hajtatlan-teljes-ivekben-michel-270-eur","status":"publish","type":"product","link":"https:\/\/stampcurio.com\/hu\/termek\/1919-1920-magyarorszag-tanacskoztarsasag-buzakalasz-95-filler-postatiszta-hajtatlan-teljes-ivekben-michel-270-eur\/","title":{"rendered":"1919 \/ 1920 Magyarorsz\u00e1g &#8211; Tan\u00e1csk\u00f6zt\u00e1rsas\u00e1g + B\u00fazakal\u00e1sz 95 fill\u00e9r postatiszta ** hajtatlan teljes \u00edvekben | Michel: 270 EUR"},"content":{"rendered":"","protected":false},"excerpt":{"rendered":"<p>95f : ism\u00e9tl\u0151d\u0151 folt a b\u00e9lyegk\u00f6zben, az 5-6. oszlop k\u00f6z\u00f6tt a 4. sorban<\/p>\n","protected":false},"featured_media":24617,"template":"","meta":[],"product_brand":[],"product_cat":[1172],"product_tag":[1664,116],"class_list":{"0":"post-15324","1":"product","2":"type-product","3":"status-publish","4":"has-post-thumbnail","6":"product_cat-magyarorszag","7":"product_tag-2nd-auction-hu","8":"product_tag-belyeg","10":"first","11":"instock","12":"sold-individually","13":"shipping-taxable","14":"product-type-simple"},"_links":{"self":[{"href":"https:\/\/stampcurio.com\/hu\/wp-json\/wp\/v2\/product\/15324","targetHints":{"allow":["GET"]}}],"collection":[{"href":"https:\/\/stampcurio.com\/hu\/wp-json\/wp\/v2\/product"}],"about":[{"href":"https:\/\/stampcurio.com\/hu\/wp-json\/wp\/v2\/types\/product"}],"wp:featuredmedia":[{"embeddable":true,"href":"https:\/\/stampcurio.com\/hu\/wp-json\/wp\/v2\/media\/24617"}],"wp:attachment":[{"href":"https:\/\/stampcurio.com\/hu\/wp-json\/wp\/v2\/media?parent=15324"}],"wp:term":[{"taxonomy":"product_brand","embeddable":true,"href":"https:\/\/stampcurio.com\/hu\/wp-json\/wp\/v2\/product_brand?post=15324"},{"taxonomy":"product_cat","embeddable":true,"href":"https:\/\/stampcurio.com\/hu\/wp-json\/wp\/v2\/product_cat?post=15324"},{"taxonomy":"product_tag","embeddable":true,"href":"https:\/\/stampcurio.com\/hu\/wp-json\/wp\/v2\/product_tag?post=15324"}],"curies":[{"name":"wp","href":"https:\/\/api.w.org\/{rel}","templated":true}]}}