{"id":15321,"date":"2024-11-29T18:30:30","date_gmt":"2024-11-29T17:30:30","guid":{"rendered":"https:\/\/stampcurio.com\/product\/1906-50f-mi16b-2-es-vizjelallas\/"},"modified":"2025-12-05T04:07:19","modified_gmt":"2025-12-05T03:07:19","slug":"1906-magyarorszag-porto-50-filler-teljes-iv-2-vizjelallas-phu-800-eur","status":"publish","type":"product","link":"https:\/\/stampcurio.com\/hu\/termek\/1906-magyarorszag-porto-50-filler-teljes-iv-2-vizjelallas-phu-800-eur\/","title":{"rendered":"1906 Magyarorsz\u00e1g &#8211; port\u00f3 50 fill\u00e9r teljes \u00edv 2. v\u00edzjel\u00e1ll\u00e1s | PHu: 800 EUR"},"content":{"rendered":"","protected":false},"excerpt":{"rendered":"","protected":false},"featured_media":24542,"template":"","meta":[],"product_brand":[],"product_cat":[1172],"product_tag":[1664,116,176,108,217],"class_list":{"0":"post-15321","1":"product","2":"type-product","3":"status-publish","4":"has-post-thumbnail","6":"product_cat-magyarorszag","7":"product_tag-2nd-auction-hu","8":"product_tag-belyeg","9":"product_tag-philagem","10":"product_tag-porto","11":"product_tag-tevnyomat","13":"first","14":"instock","15":"sold-individually","16":"shipping-taxable","17":"product-type-simple"},"_links":{"self":[{"href":"https:\/\/stampcurio.com\/hu\/wp-json\/wp\/v2\/product\/15321","targetHints":{"allow":["GET"]}}],"collection":[{"href":"https:\/\/stampcurio.com\/hu\/wp-json\/wp\/v2\/product"}],"about":[{"href":"https:\/\/stampcurio.com\/hu\/wp-json\/wp\/v2\/types\/product"}],"wp:featuredmedia":[{"embeddable":true,"href":"https:\/\/stampcurio.com\/hu\/wp-json\/wp\/v2\/media\/24542"}],"wp:attachment":[{"href":"https:\/\/stampcurio.com\/hu\/wp-json\/wp\/v2\/media?parent=15321"}],"wp:term":[{"taxonomy":"product_brand","embeddable":true,"href":"https:\/\/stampcurio.com\/hu\/wp-json\/wp\/v2\/product_brand?post=15321"},{"taxonomy":"product_cat","embeddable":true,"href":"https:\/\/stampcurio.com\/hu\/wp-json\/wp\/v2\/product_cat?post=15321"},{"taxonomy":"product_tag","embeddable":true,"href":"https:\/\/stampcurio.com\/hu\/wp-json\/wp\/v2\/product_tag?post=15321"}],"curies":[{"name":"wp","href":"https:\/\/api.w.org\/{rel}","templated":true}]}}