{"id":15320,"date":"2024-11-29T18:30:29","date_gmt":"2024-11-29T17:30:29","guid":{"rendered":"https:\/\/stampcurio.com\/product\/1909-50f-porto-teljes-iv-2-es-vizjelallas-ivszinatnyomat\/"},"modified":"2025-12-05T04:07:21","modified_gmt":"2025-12-05T03:07:21","slug":"1909-magyarorszag-50-f-porto-teljes-iv-2-es-vizjelallassal-michel-25y-500-eur","status":"publish","type":"product","link":"https:\/\/stampcurio.com\/hu\/termek\/1909-magyarorszag-50-f-porto-teljes-iv-2-es-vizjelallassal-michel-25y-500-eur\/","title":{"rendered":"1909 Magyarorsz\u00e1g &#8211; 50 f port\u00f3 teljes \u00edv 2-es v\u00edzjel\u00e1ll\u00e1ssal | Michel: 25Y \/ 500 EUR"},"content":{"rendered":"","protected":false},"excerpt":{"rendered":"","protected":false},"featured_media":24528,"template":"","meta":[],"product_brand":[],"product_cat":[1172],"product_tag":[1664,116,108,217],"class_list":{"0":"post-15320","1":"product","2":"type-product","3":"status-publish","4":"has-post-thumbnail","6":"product_cat-magyarorszag","7":"product_tag-2nd-auction-hu","8":"product_tag-belyeg","9":"product_tag-porto","10":"product_tag-tevnyomat","12":"first","13":"instock","14":"sold-individually","15":"shipping-taxable","16":"product-type-simple"},"_links":{"self":[{"href":"https:\/\/stampcurio.com\/hu\/wp-json\/wp\/v2\/product\/15320","targetHints":{"allow":["GET"]}}],"collection":[{"href":"https:\/\/stampcurio.com\/hu\/wp-json\/wp\/v2\/product"}],"about":[{"href":"https:\/\/stampcurio.com\/hu\/wp-json\/wp\/v2\/types\/product"}],"wp:featuredmedia":[{"embeddable":true,"href":"https:\/\/stampcurio.com\/hu\/wp-json\/wp\/v2\/media\/24528"}],"wp:attachment":[{"href":"https:\/\/stampcurio.com\/hu\/wp-json\/wp\/v2\/media?parent=15320"}],"wp:term":[{"taxonomy":"product_brand","embeddable":true,"href":"https:\/\/stampcurio.com\/hu\/wp-json\/wp\/v2\/product_brand?post=15320"},{"taxonomy":"product_cat","embeddable":true,"href":"https:\/\/stampcurio.com\/hu\/wp-json\/wp\/v2\/product_cat?post=15320"},{"taxonomy":"product_tag","embeddable":true,"href":"https:\/\/stampcurio.com\/hu\/wp-json\/wp\/v2\/product_tag?post=15320"}],"curies":[{"name":"wp","href":"https:\/\/api.w.org\/{rel}","templated":true}]}}