{"id":15319,"date":"2024-11-29T18:30:29","date_gmt":"2024-11-29T17:30:29","guid":{"rendered":"https:\/\/stampcurio.com\/product\/1919-koztarsasag-porto-felulnyomas-piros-ertekszammal-teljes-ivsor\/"},"modified":"2025-12-05T04:07:21","modified_gmt":"2025-12-05T03:07:21","slug":"1919-magyarorszag-koztarsasag-porto-felulnyomas-piros-ertekszammal-teljes-ivsor-michel-300-eur","status":"publish","type":"product","link":"https:\/\/stampcurio.com\/hu\/termek\/1919-magyarorszag-koztarsasag-porto-felulnyomas-piros-ertekszammal-teljes-ivsor-michel-300-eur\/","title":{"rendered":"1919 Magyarorsz\u00e1g &#8211; K\u00f6zt\u00e1rsas\u00e1g port\u00f3 fel\u00fclnyom\u00e1s piros \u00e9rt\u00e9ksz\u00e1mmal teljes \u00edvsor | Michel: 300 EUR"},"content":{"rendered":"","protected":false},"excerpt":{"rendered":"","protected":false},"featured_media":0,"template":"","meta":[],"product_brand":[],"product_cat":[1172],"product_tag":[1664,116,108,217],"class_list":{"0":"post-15319","1":"product","2":"type-product","3":"status-publish","5":"product_cat-magyarorszag","6":"product_tag-2nd-auction-hu","7":"product_tag-belyeg","8":"product_tag-porto","9":"product_tag-tevnyomat","11":"first","12":"instock","13":"sold-individually","14":"shipping-taxable","15":"product-type-simple"},"_links":{"self":[{"href":"https:\/\/stampcurio.com\/hu\/wp-json\/wp\/v2\/product\/15319","targetHints":{"allow":["GET"]}}],"collection":[{"href":"https:\/\/stampcurio.com\/hu\/wp-json\/wp\/v2\/product"}],"about":[{"href":"https:\/\/stampcurio.com\/hu\/wp-json\/wp\/v2\/types\/product"}],"wp:attachment":[{"href":"https:\/\/stampcurio.com\/hu\/wp-json\/wp\/v2\/media?parent=15319"}],"wp:term":[{"taxonomy":"product_brand","embeddable":true,"href":"https:\/\/stampcurio.com\/hu\/wp-json\/wp\/v2\/product_brand?post=15319"},{"taxonomy":"product_cat","embeddable":true,"href":"https:\/\/stampcurio.com\/hu\/wp-json\/wp\/v2\/product_cat?post=15319"},{"taxonomy":"product_tag","embeddable":true,"href":"https:\/\/stampcurio.com\/hu\/wp-json\/wp\/v2\/product_tag?post=15319"}],"curies":[{"name":"wp","href":"https:\/\/api.w.org\/{rel}","templated":true}]}}