{"id":15318,"date":"2024-11-29T18:30:29","date_gmt":"2024-11-29T17:30:29","guid":{"rendered":"https:\/\/stampcurio.com\/product\/1949-vagott-nagy-lanchid-blokk\/"},"modified":"2025-12-05T04:07:20","modified_gmt":"2025-12-05T03:07:20","slug":"1949-magyarorszag-lanchid-iii-vagott-postatiszta-blokk-ritka-luxus-darab","status":"publish","type":"product","link":"https:\/\/stampcurio.com\/hu\/termek\/1949-magyarorszag-lanchid-iii-vagott-postatiszta-blokk-ritka-luxus-darab\/","title":{"rendered":"1949 Magyarorsz\u00e1g &#8211; L\u00e1nch\u00edd III. v\u00e1gott, postatiszta ** blokk | Ritka, luxus darab!"},"content":{"rendered":"","protected":false},"excerpt":{"rendered":"","protected":false},"featured_media":25030,"template":"","meta":[],"product_brand":[],"product_cat":[1172],"product_tag":[1664,116,176],"class_list":{"0":"post-15318","1":"product","2":"type-product","3":"status-publish","4":"has-post-thumbnail","6":"product_cat-magyarorszag","7":"product_tag-2nd-auction-hu","8":"product_tag-belyeg","9":"product_tag-philagem","11":"first","12":"instock","13":"sold-individually","14":"shipping-taxable","15":"product-type-simple"},"_links":{"self":[{"href":"https:\/\/stampcurio.com\/hu\/wp-json\/wp\/v2\/product\/15318","targetHints":{"allow":["GET"]}}],"collection":[{"href":"https:\/\/stampcurio.com\/hu\/wp-json\/wp\/v2\/product"}],"about":[{"href":"https:\/\/stampcurio.com\/hu\/wp-json\/wp\/v2\/types\/product"}],"wp:featuredmedia":[{"embeddable":true,"href":"https:\/\/stampcurio.com\/hu\/wp-json\/wp\/v2\/media\/25030"}],"wp:attachment":[{"href":"https:\/\/stampcurio.com\/hu\/wp-json\/wp\/v2\/media?parent=15318"}],"wp:term":[{"taxonomy":"product_brand","embeddable":true,"href":"https:\/\/stampcurio.com\/hu\/wp-json\/wp\/v2\/product_brand?post=15318"},{"taxonomy":"product_cat","embeddable":true,"href":"https:\/\/stampcurio.com\/hu\/wp-json\/wp\/v2\/product_cat?post=15318"},{"taxonomy":"product_tag","embeddable":true,"href":"https:\/\/stampcurio.com\/hu\/wp-json\/wp\/v2\/product_tag?post=15318"}],"curies":[{"name":"wp","href":"https:\/\/api.w.org\/{rel}","templated":true}]}}