{"id":15317,"date":"2024-11-29T18:30:28","date_gmt":"2024-11-29T17:30:28","guid":{"rendered":"https:\/\/stampcurio.com\/product\/xxx-fiume-papirranc\/"},"modified":"2025-12-05T04:07:22","modified_gmt":"2025-12-05T03:07:22","slug":"1919-fiume-5-c-porto-belyeg-latvanyos-papirranc-martinas-100-eur","status":"publish","type":"product","link":"https:\/\/stampcurio.com\/hu\/termek\/1919-fiume-5-c-porto-belyeg-latvanyos-papirranc-martinas-100-eur\/","title":{"rendered":"1919 Fiume &#8211; 5 c port\u00f3 b\u00e9lyeg, l\u00e1tv\u00e1nyos pap\u00edrr\u00e1nc | Martinas: 100 EUR"},"content":{"rendered":"","protected":false},"excerpt":{"rendered":"","protected":false},"featured_media":16623,"template":"","meta":[],"product_brand":[],"product_cat":[1275,1192],"product_tag":[1664,116,108,217],"class_list":{"0":"post-15317","1":"product","2":"type-product","3":"status-publish","4":"has-post-thumbnail","6":"product_cat-fiume","7":"product_cat-horvatorszag","8":"product_tag-2nd-auction-hu","9":"product_tag-belyeg","10":"product_tag-porto","11":"product_tag-tevnyomat","13":"first","14":"instock","15":"sold-individually","16":"shipping-taxable","17":"product-type-simple"},"_links":{"self":[{"href":"https:\/\/stampcurio.com\/hu\/wp-json\/wp\/v2\/product\/15317","targetHints":{"allow":["GET"]}}],"collection":[{"href":"https:\/\/stampcurio.com\/hu\/wp-json\/wp\/v2\/product"}],"about":[{"href":"https:\/\/stampcurio.com\/hu\/wp-json\/wp\/v2\/types\/product"}],"wp:featuredmedia":[{"embeddable":true,"href":"https:\/\/stampcurio.com\/hu\/wp-json\/wp\/v2\/media\/16623"}],"wp:attachment":[{"href":"https:\/\/stampcurio.com\/hu\/wp-json\/wp\/v2\/media?parent=15317"}],"wp:term":[{"taxonomy":"product_brand","embeddable":true,"href":"https:\/\/stampcurio.com\/hu\/wp-json\/wp\/v2\/product_brand?post=15317"},{"taxonomy":"product_cat","embeddable":true,"href":"https:\/\/stampcurio.com\/hu\/wp-json\/wp\/v2\/product_cat?post=15317"},{"taxonomy":"product_tag","embeddable":true,"href":"https:\/\/stampcurio.com\/hu\/wp-json\/wp\/v2\/product_tag?post=15317"}],"curies":[{"name":"wp","href":"https:\/\/api.w.org\/{rel}","templated":true}]}}