{"id":15316,"date":"2024-11-29T18:30:28","date_gmt":"2024-11-29T17:30:28","guid":{"rendered":"https:\/\/stampcurio.com\/product\/1899-0900-u-n-vandor-levlap-szudanbol-luxuron-keresztul-vilagkiallitasra-kuldve-parizsba-1900\/"},"modified":"2025-12-05T04:07:22","modified_gmt":"2025-12-05T03:07:22","slug":"1899-1900-vandor-levelezolap-tobb-orszag-belyegeivel-szudanbol-luxuron-keresztul-parizsba-az-1900-as-vilagkiallitasra-kuldve-paris-exposition-suffren-belyegzo","status":"publish","type":"product","link":"https:\/\/stampcurio.com\/hu\/termek\/1899-1900-vandor-levelezolap-tobb-orszag-belyegeivel-szudanbol-luxuron-keresztul-parizsba-az-1900-as-vilagkiallitasra-kuldve-paris-exposition-suffren-belyegzo\/","title":{"rendered":"1899 &#8211; 1900 v\u00e1ndor levelez\u0151lap t\u00f6bb orsz\u00e1g b\u00e9lyegeivel &#8211; Szud\u00e1nb\u00f3l Luxuron kereszt\u00fcl P\u00e1rizsba, az 1900-as vil\u00e1gki\u00e1ll\u00edt\u00e1sra k\u00fcldve + PARIS EXPOSITION SUFFREN b\u00e9lyegz\u0151"},"content":{"rendered":"","protected":false},"excerpt":{"rendered":"","protected":false},"featured_media":17749,"template":"","meta":[],"product_brand":[],"product_cat":[1187,1181,1262],"product_tag":[1664,116,1041,89,1006],"class_list":{"0":"post-15316","1":"product","2":"type-product","3":"status-publish","4":"has-post-thumbnail","6":"product_cat-egyiptom","7":"product_cat-franciaorszag","8":"product_cat-szudan","9":"product_tag-2nd-auction-hu","10":"product_tag-belyeg","11":"product_tag-marcophily-hu","12":"product_tag-postatortenet","13":"product_tag-unsold","15":"first","16":"instock","17":"sold-individually","18":"shipping-taxable","19":"product-type-simple"},"_links":{"self":[{"href":"https:\/\/stampcurio.com\/hu\/wp-json\/wp\/v2\/product\/15316","targetHints":{"allow":["GET"]}}],"collection":[{"href":"https:\/\/stampcurio.com\/hu\/wp-json\/wp\/v2\/product"}],"about":[{"href":"https:\/\/stampcurio.com\/hu\/wp-json\/wp\/v2\/types\/product"}],"wp:featuredmedia":[{"embeddable":true,"href":"https:\/\/stampcurio.com\/hu\/wp-json\/wp\/v2\/media\/17749"}],"wp:attachment":[{"href":"https:\/\/stampcurio.com\/hu\/wp-json\/wp\/v2\/media?parent=15316"}],"wp:term":[{"taxonomy":"product_brand","embeddable":true,"href":"https:\/\/stampcurio.com\/hu\/wp-json\/wp\/v2\/product_brand?post=15316"},{"taxonomy":"product_cat","embeddable":true,"href":"https:\/\/stampcurio.com\/hu\/wp-json\/wp\/v2\/product_cat?post=15316"},{"taxonomy":"product_tag","embeddable":true,"href":"https:\/\/stampcurio.com\/hu\/wp-json\/wp\/v2\/product_tag?post=15316"}],"curies":[{"name":"wp","href":"https:\/\/api.w.org\/{rel}","templated":true}]}}