{"id":15315,"date":"2024-11-29T18:30:28","date_gmt":"2024-11-29T17:30:28","guid":{"rendered":"https:\/\/stampcurio.com\/product\/albania-1952-53-legiposta-felulnyomas\/"},"modified":"2025-12-05T04:07:21","modified_gmt":"2025-12-05T03:07:21","slug":"1952-1953-albania-ritka-legiposta-belyegek-az-egyik-boritekon-stampworld-235-eur","status":"publish","type":"product","link":"https:\/\/stampcurio.com\/hu\/termek\/1952-1953-albania-ritka-legiposta-belyegek-az-egyik-boritekon-stampworld-235-eur\/","title":{"rendered":"1952 &#8211; 1953 Alb\u00e1nia &#8211; ritka l\u00e9giposta b\u00e9lyegek &#8211; az egyik bor\u00edt\u00e9kon &#8211; Stampworld: 235+++ EUR"},"content":{"rendered":"","protected":false},"excerpt":{"rendered":"","protected":false},"featured_media":23790,"template":"","meta":[],"product_brand":[],"product_cat":[1261],"product_tag":[1664,116,115],"class_list":{"0":"post-15315","1":"product","2":"type-product","3":"status-publish","4":"has-post-thumbnail","6":"product_cat-albania","7":"product_tag-2nd-auction-hu","8":"product_tag-belyeg","9":"product_tag-legiposta","11":"first","12":"instock","13":"sold-individually","14":"shipping-taxable","15":"product-type-simple"},"_links":{"self":[{"href":"https:\/\/stampcurio.com\/hu\/wp-json\/wp\/v2\/product\/15315","targetHints":{"allow":["GET"]}}],"collection":[{"href":"https:\/\/stampcurio.com\/hu\/wp-json\/wp\/v2\/product"}],"about":[{"href":"https:\/\/stampcurio.com\/hu\/wp-json\/wp\/v2\/types\/product"}],"wp:featuredmedia":[{"embeddable":true,"href":"https:\/\/stampcurio.com\/hu\/wp-json\/wp\/v2\/media\/23790"}],"wp:attachment":[{"href":"https:\/\/stampcurio.com\/hu\/wp-json\/wp\/v2\/media?parent=15315"}],"wp:term":[{"taxonomy":"product_brand","embeddable":true,"href":"https:\/\/stampcurio.com\/hu\/wp-json\/wp\/v2\/product_brand?post=15315"},{"taxonomy":"product_cat","embeddable":true,"href":"https:\/\/stampcurio.com\/hu\/wp-json\/wp\/v2\/product_cat?post=15315"},{"taxonomy":"product_tag","embeddable":true,"href":"https:\/\/stampcurio.com\/hu\/wp-json\/wp\/v2\/product_tag?post=15315"}],"curies":[{"name":"wp","href":"https:\/\/api.w.org\/{rel}","templated":true}]}}