{"id":15314,"date":"2024-11-29T18:30:27","date_gmt":"2024-11-29T17:30:27","guid":{"rendered":"https:\/\/stampcurio.com\/product\/1959-the-500th-anniversary-of-bucharest-romania\/"},"modified":"2025-12-05T04:07:23","modified_gmt":"2025-12-05T03:07:23","slug":"1959-romania-bukarest-fennallasanak-500-evfordulojara-kiadott-postatiszta-blokk-scott-175-usd","status":"publish","type":"product","link":"https:\/\/stampcurio.com\/hu\/termek\/1959-romania-bukarest-fennallasanak-500-evfordulojara-kiadott-postatiszta-blokk-scott-175-usd\/","title":{"rendered":"1959 Rom\u00e1nia &#8211; Bukarest fenn\u00e1ll\u00e1s\u00e1nak 500. \u00e9vfordul\u00f3j\u00e1ra kiadott postatiszta ** blokk | Scott: 175 USD"},"content":{"rendered":"","protected":false},"excerpt":{"rendered":"","protected":false},"featured_media":16775,"template":"","meta":[],"product_brand":[],"product_cat":[1208],"product_tag":[1664,116,1006],"class_list":{"0":"post-15314","1":"product","2":"type-product","3":"status-publish","4":"has-post-thumbnail","6":"product_cat-romania","7":"product_tag-2nd-auction-hu","8":"product_tag-belyeg","9":"product_tag-unsold","11":"first","12":"instock","13":"sold-individually","14":"shipping-taxable","15":"product-type-simple"},"_links":{"self":[{"href":"https:\/\/stampcurio.com\/hu\/wp-json\/wp\/v2\/product\/15314","targetHints":{"allow":["GET"]}}],"collection":[{"href":"https:\/\/stampcurio.com\/hu\/wp-json\/wp\/v2\/product"}],"about":[{"href":"https:\/\/stampcurio.com\/hu\/wp-json\/wp\/v2\/types\/product"}],"wp:featuredmedia":[{"embeddable":true,"href":"https:\/\/stampcurio.com\/hu\/wp-json\/wp\/v2\/media\/16775"}],"wp:attachment":[{"href":"https:\/\/stampcurio.com\/hu\/wp-json\/wp\/v2\/media?parent=15314"}],"wp:term":[{"taxonomy":"product_brand","embeddable":true,"href":"https:\/\/stampcurio.com\/hu\/wp-json\/wp\/v2\/product_brand?post=15314"},{"taxonomy":"product_cat","embeddable":true,"href":"https:\/\/stampcurio.com\/hu\/wp-json\/wp\/v2\/product_cat?post=15314"},{"taxonomy":"product_tag","embeddable":true,"href":"https:\/\/stampcurio.com\/hu\/wp-json\/wp\/v2\/product_tag?post=15314"}],"curies":[{"name":"wp","href":"https:\/\/api.w.org\/{rel}","templated":true}]}}