{"id":15312,"date":"2024-11-29T18:30:27","date_gmt":"2024-11-29T17:30:27","guid":{"rendered":"https:\/\/stampcurio.com\/product\/1950-upu-szamozott-aa-vizjel-fogazott\/"},"modified":"2025-12-05T04:07:22","modified_gmt":"2025-12-05T03:07:22","slug":"1950-magyarorszag-upu-fogazott-postatiszta-blokk-aa-vizjelallas","status":"publish","type":"product","link":"https:\/\/stampcurio.com\/hu\/termek\/1950-magyarorszag-upu-fogazott-postatiszta-blokk-aa-vizjelallas\/","title":{"rendered":"1950 Magyarorsz\u00e1g &#8211; UPU fogazott postatiszta * blokk, Aa v\u00edzjel\u00e1ll\u00e1s"},"content":{"rendered":"","protected":false},"excerpt":{"rendered":"","protected":false},"featured_media":16564,"template":"","meta":[],"product_brand":[],"product_cat":[1172],"product_tag":[1664,116,217],"class_list":{"0":"post-15312","1":"product","2":"type-product","3":"status-publish","4":"has-post-thumbnail","6":"product_cat-magyarorszag","7":"product_tag-2nd-auction-hu","8":"product_tag-belyeg","9":"product_tag-tevnyomat","11":"first","12":"instock","13":"sold-individually","14":"shipping-taxable","15":"product-type-simple"},"_links":{"self":[{"href":"https:\/\/stampcurio.com\/hu\/wp-json\/wp\/v2\/product\/15312","targetHints":{"allow":["GET"]}}],"collection":[{"href":"https:\/\/stampcurio.com\/hu\/wp-json\/wp\/v2\/product"}],"about":[{"href":"https:\/\/stampcurio.com\/hu\/wp-json\/wp\/v2\/types\/product"}],"wp:featuredmedia":[{"embeddable":true,"href":"https:\/\/stampcurio.com\/hu\/wp-json\/wp\/v2\/media\/16564"}],"wp:attachment":[{"href":"https:\/\/stampcurio.com\/hu\/wp-json\/wp\/v2\/media?parent=15312"}],"wp:term":[{"taxonomy":"product_brand","embeddable":true,"href":"https:\/\/stampcurio.com\/hu\/wp-json\/wp\/v2\/product_brand?post=15312"},{"taxonomy":"product_cat","embeddable":true,"href":"https:\/\/stampcurio.com\/hu\/wp-json\/wp\/v2\/product_cat?post=15312"},{"taxonomy":"product_tag","embeddable":true,"href":"https:\/\/stampcurio.com\/hu\/wp-json\/wp\/v2\/product_tag?post=15312"}],"curies":[{"name":"wp","href":"https:\/\/api.w.org\/{rel}","templated":true}]}}