{"id":15311,"date":"2024-11-29T18:30:27","date_gmt":"2024-11-29T17:30:27","guid":{"rendered":"https:\/\/stampcurio.com\/product\/1954-47-germany-az-57-es-nem-fluoreszkalo-sor-plusz-az-osszes-megjelent-fluoreszkalo-belyeg-a-30-as-reszlegesen-fluoreszkal\/"},"modified":"2025-12-05T04:07:22","modified_gmt":"2025-12-05T03:07:22","slug":"1954-1957-nemetorszag-az-1957-es-nem-fluoreszkalo-sor-az-osszes-megjelent-fluoreszkalo-postatiaszt-belyeg-a-30-pf-reszlegesen-fluoreszkal","status":"publish","type":"product","link":"https:\/\/stampcurio.com\/hu\/termek\/1954-1957-nemetorszag-az-1957-es-nem-fluoreszkalo-sor-az-osszes-megjelent-fluoreszkalo-postatiaszt-belyeg-a-30-pf-reszlegesen-fluoreszkal\/","title":{"rendered":"1954 &#8211; 1957 N\u00e9metorsz\u00e1g &#8211; az 1957-es nem fluoreszk\u00e1l\u00f3 sor + az \u00f6sszes megjelent fluoreszk\u00e1l\u00f3 postatiaszt ** b\u00e9lyeg \/ a 30 pf r\u00e9szlegesen fluoreszk\u00e1l"},"content":{"rendered":"","protected":false},"excerpt":{"rendered":"","protected":false},"featured_media":23592,"template":"","meta":[],"product_brand":[],"product_cat":[1175],"product_tag":[1664,116,217,1006],"class_list":{"0":"post-15311","1":"product","2":"type-product","3":"status-publish","4":"has-post-thumbnail","6":"product_cat-nemetorszag","7":"product_tag-2nd-auction-hu","8":"product_tag-belyeg","9":"product_tag-tevnyomat","10":"product_tag-unsold","12":"first","13":"instock","14":"sold-individually","15":"shipping-taxable","16":"product-type-simple"},"_links":{"self":[{"href":"https:\/\/stampcurio.com\/hu\/wp-json\/wp\/v2\/product\/15311","targetHints":{"allow":["GET"]}}],"collection":[{"href":"https:\/\/stampcurio.com\/hu\/wp-json\/wp\/v2\/product"}],"about":[{"href":"https:\/\/stampcurio.com\/hu\/wp-json\/wp\/v2\/types\/product"}],"wp:featuredmedia":[{"embeddable":true,"href":"https:\/\/stampcurio.com\/hu\/wp-json\/wp\/v2\/media\/23592"}],"wp:attachment":[{"href":"https:\/\/stampcurio.com\/hu\/wp-json\/wp\/v2\/media?parent=15311"}],"wp:term":[{"taxonomy":"product_brand","embeddable":true,"href":"https:\/\/stampcurio.com\/hu\/wp-json\/wp\/v2\/product_brand?post=15311"},{"taxonomy":"product_cat","embeddable":true,"href":"https:\/\/stampcurio.com\/hu\/wp-json\/wp\/v2\/product_cat?post=15311"},{"taxonomy":"product_tag","embeddable":true,"href":"https:\/\/stampcurio.com\/hu\/wp-json\/wp\/v2\/product_tag?post=15311"}],"curies":[{"name":"wp","href":"https:\/\/api.w.org\/{rel}","templated":true}]}}