{"id":15310,"date":"2024-11-29T18:30:26","date_gmt":"2024-11-29T17:30:26","guid":{"rendered":"https:\/\/stampcurio.com\/product\/1874-20kr-zarday-nyomat-rozsaszines-lila-szinben-enyvezes-nelkul-hajtasnyommal-belyeg\/"},"modified":"2025-12-05T04:07:23","modified_gmt":"2025-12-05T03:07:23","slug":"1874-magyarorszag-20-kr-zarday-nyomat-rozsaszines-lila-szinben-enyvezes-nelkul-hajtasnyommal","status":"publish","type":"product","link":"https:\/\/stampcurio.com\/hu\/termek\/1874-magyarorszag-20-kr-zarday-nyomat-rozsaszines-lila-szinben-enyvezes-nelkul-hajtasnyommal\/","title":{"rendered":"1874 Magyarorsz\u00e1g &#8211; 20 kr Z\u00e1rday nyomat r\u00f3zsasz\u00ednes lila sz\u00ednben enyvez\u00e9s n\u00e9lk\u00fcl hajt\u00e1snyommal"},"content":{"rendered":"","protected":false},"excerpt":{"rendered":"","protected":false},"featured_media":16946,"template":"","meta":[],"product_brand":[],"product_cat":[1172],"product_tag":[1664,116,217],"class_list":{"0":"post-15310","1":"product","2":"type-product","3":"status-publish","4":"has-post-thumbnail","6":"product_cat-magyarorszag","7":"product_tag-2nd-auction-hu","8":"product_tag-belyeg","9":"product_tag-tevnyomat","11":"first","12":"instock","13":"sold-individually","14":"shipping-taxable","15":"product-type-simple"},"_links":{"self":[{"href":"https:\/\/stampcurio.com\/hu\/wp-json\/wp\/v2\/product\/15310","targetHints":{"allow":["GET"]}}],"collection":[{"href":"https:\/\/stampcurio.com\/hu\/wp-json\/wp\/v2\/product"}],"about":[{"href":"https:\/\/stampcurio.com\/hu\/wp-json\/wp\/v2\/types\/product"}],"wp:featuredmedia":[{"embeddable":true,"href":"https:\/\/stampcurio.com\/hu\/wp-json\/wp\/v2\/media\/16946"}],"wp:attachment":[{"href":"https:\/\/stampcurio.com\/hu\/wp-json\/wp\/v2\/media?parent=15310"}],"wp:term":[{"taxonomy":"product_brand","embeddable":true,"href":"https:\/\/stampcurio.com\/hu\/wp-json\/wp\/v2\/product_brand?post=15310"},{"taxonomy":"product_cat","embeddable":true,"href":"https:\/\/stampcurio.com\/hu\/wp-json\/wp\/v2\/product_cat?post=15310"},{"taxonomy":"product_tag","embeddable":true,"href":"https:\/\/stampcurio.com\/hu\/wp-json\/wp\/v2\/product_tag?post=15310"}],"curies":[{"name":"wp","href":"https:\/\/api.w.org\/{rel}","templated":true}]}}