{"id":15308,"date":"2024-11-29T18:30:24","date_gmt":"2024-11-29T17:30:24","guid":{"rendered":"https:\/\/stampcurio.com\/product\/xxx-vegyes-berm-52kr-ritka-kombinacio-kek-totmegyer-belyegzessel-500150-pont-hu\/"},"modified":"2025-12-05T04:07:24","modified_gmt":"2025-12-05T03:07:24","slug":"1871-1874-magyarorszag-vegyes-bermentesites-5kr-2-kr-ritka-kombinacio-kek-szinu-tot-megyer-belyegzessel-gudlin-500-150-pont","status":"publish","type":"product","link":"https:\/\/stampcurio.com\/hu\/termek\/1871-1874-magyarorszag-vegyes-bermentesites-5kr-2-kr-ritka-kombinacio-kek-szinu-tot-megyer-belyegzessel-gudlin-500-150-pont\/","title":{"rendered":"1871 \/ 1874 Magyarorsz\u00e1g &#8211; vegyes b\u00e9rmentes\u00edt\u00e9s 5kr + 2 kr ritka kombin\u00e1ci\u00f3, k\u00e9k sz\u00edn\u0171 T\u00d3T-MEGYER b\u00e9lyegz\u00e9ssel | Gudlin: 500 + 150 pont"},"content":{"rendered":"","protected":false},"excerpt":{"rendered":"","protected":false},"featured_media":16771,"template":"","meta":[],"product_brand":[],"product_cat":[1172],"product_tag":[1664,116,1041,1006],"class_list":{"0":"post-15308","1":"product","2":"type-product","3":"status-publish","4":"has-post-thumbnail","6":"product_cat-magyarorszag","7":"product_tag-2nd-auction-hu","8":"product_tag-belyeg","9":"product_tag-marcophily-hu","10":"product_tag-unsold","12":"first","13":"instock","14":"sold-individually","15":"shipping-taxable","16":"product-type-simple"},"_links":{"self":[{"href":"https:\/\/stampcurio.com\/hu\/wp-json\/wp\/v2\/product\/15308","targetHints":{"allow":["GET"]}}],"collection":[{"href":"https:\/\/stampcurio.com\/hu\/wp-json\/wp\/v2\/product"}],"about":[{"href":"https:\/\/stampcurio.com\/hu\/wp-json\/wp\/v2\/types\/product"}],"wp:featuredmedia":[{"embeddable":true,"href":"https:\/\/stampcurio.com\/hu\/wp-json\/wp\/v2\/media\/16771"}],"wp:attachment":[{"href":"https:\/\/stampcurio.com\/hu\/wp-json\/wp\/v2\/media?parent=15308"}],"wp:term":[{"taxonomy":"product_brand","embeddable":true,"href":"https:\/\/stampcurio.com\/hu\/wp-json\/wp\/v2\/product_brand?post=15308"},{"taxonomy":"product_cat","embeddable":true,"href":"https:\/\/stampcurio.com\/hu\/wp-json\/wp\/v2\/product_cat?post=15308"},{"taxonomy":"product_tag","embeddable":true,"href":"https:\/\/stampcurio.com\/hu\/wp-json\/wp\/v2\/product_tag?post=15308"}],"curies":[{"name":"wp","href":"https:\/\/api.w.org\/{rel}","templated":true}]}}