{"id":15307,"date":"2024-11-29T18:30:24","date_gmt":"2024-11-29T17:30:24","guid":{"rendered":"https:\/\/stampcurio.com\/product\/1874-89-harom-szep-felvidek-lebelyegzes-gudlin-280pt\/"},"modified":"2025-12-05T04:07:23","modified_gmt":"2025-12-05T03:07:23","slug":"1874-1889-magyarorszag-szep-felvideki-belyegzesek-kivagasokon-csacza-trencsen-megye-belabanya-bisztricseny-gudlin-osszesen-280-pont","status":"publish","type":"product","link":"https:\/\/stampcurio.com\/hu\/termek\/1874-1889-magyarorszag-szep-felvideki-belyegzesek-kivagasokon-csacza-trencsen-megye-belabanya-bisztricseny-gudlin-osszesen-280-pont\/","title":{"rendered":"1874 \/ 1889 Magyarorsz\u00e1g &#8211; sz\u00e9p felvid\u00e9ki b\u00e9lyegz\u00e9sek kiv\u00e1g\u00e1sokon &#8211; CSACZA \/ Trencs\u00e9n megye &#8211; B\u00c9LAB\u00c1NYA &#8211; BISZTRICS\u00c9NY | Gudlin: \u00f6sszesen 280 pont"},"content":{"rendered":"","protected":false},"excerpt":{"rendered":"","protected":false},"featured_media":17870,"template":"","meta":[],"product_brand":[],"product_cat":[1172,1189],"product_tag":[1664,116,1041],"class_list":{"0":"post-15307","1":"product","2":"type-product","3":"status-publish","4":"has-post-thumbnail","6":"product_cat-magyarorszag","7":"product_cat-szlovakia","8":"product_tag-2nd-auction-hu","9":"product_tag-belyeg","10":"product_tag-marcophily-hu","12":"first","13":"instock","14":"sold-individually","15":"shipping-taxable","16":"product-type-simple"},"_links":{"self":[{"href":"https:\/\/stampcurio.com\/hu\/wp-json\/wp\/v2\/product\/15307","targetHints":{"allow":["GET"]}}],"collection":[{"href":"https:\/\/stampcurio.com\/hu\/wp-json\/wp\/v2\/product"}],"about":[{"href":"https:\/\/stampcurio.com\/hu\/wp-json\/wp\/v2\/types\/product"}],"wp:featuredmedia":[{"embeddable":true,"href":"https:\/\/stampcurio.com\/hu\/wp-json\/wp\/v2\/media\/17870"}],"wp:attachment":[{"href":"https:\/\/stampcurio.com\/hu\/wp-json\/wp\/v2\/media?parent=15307"}],"wp:term":[{"taxonomy":"product_brand","embeddable":true,"href":"https:\/\/stampcurio.com\/hu\/wp-json\/wp\/v2\/product_brand?post=15307"},{"taxonomy":"product_cat","embeddable":true,"href":"https:\/\/stampcurio.com\/hu\/wp-json\/wp\/v2\/product_cat?post=15307"},{"taxonomy":"product_tag","embeddable":true,"href":"https:\/\/stampcurio.com\/hu\/wp-json\/wp\/v2\/product_tag?post=15307"}],"curies":[{"name":"wp","href":"https:\/\/api.w.org\/{rel}","templated":true}]}}