{"id":15306,"date":"2024-11-29T18:30:23","date_gmt":"2024-11-29T17:30:23","guid":{"rendered":"https:\/\/stampcurio.com\/product\/nagy-ilonda-1871-74-vegyes-10kr-szep-gyongyjavitasokkal-erdely-500100-pt\/"},"modified":"2025-12-05T04:07:25","modified_gmt":"2025-12-05T03:07:25","slug":"1871-1874-magyarorszag-vegyes-bermentesites-5-10-kr-kivagason-nagy-ilonda-belyegzes-a-10-kr-gyongyjavitasokkal-gudlin-500-100-pont","status":"publish","type":"product","link":"https:\/\/stampcurio.com\/hu\/termek\/1871-1874-magyarorszag-vegyes-bermentesites-5-10-kr-kivagason-nagy-ilonda-belyegzes-a-10-kr-gyongyjavitasokkal-gudlin-500-100-pont\/","title":{"rendered":"1871 \/ 1874 Magyarorsz\u00e1g &#8211; vegyes b\u00e9rmentes\u00edt\u00e9s 5 + 10 kr kiv\u00e1g\u00e1son NAGY-ILONDA b\u00e9lyegz\u00e9s &#8211; a 10 kr gy\u00f6ngyjav\u00edt\u00e1sokkal | Gudlin: 500 +100 pont"},"content":{"rendered":"","protected":false},"excerpt":{"rendered":"","protected":false},"featured_media":16800,"template":"","meta":[],"product_brand":[],"product_cat":[1172,1208],"product_tag":[1664,116,1041,1006],"class_list":{"0":"post-15306","1":"product","2":"type-product","3":"status-publish","4":"has-post-thumbnail","6":"product_cat-magyarorszag","7":"product_cat-romania","8":"product_tag-2nd-auction-hu","9":"product_tag-belyeg","10":"product_tag-marcophily-hu","11":"product_tag-unsold","13":"first","14":"instock","15":"sold-individually","16":"shipping-taxable","17":"product-type-simple"},"_links":{"self":[{"href":"https:\/\/stampcurio.com\/hu\/wp-json\/wp\/v2\/product\/15306","targetHints":{"allow":["GET"]}}],"collection":[{"href":"https:\/\/stampcurio.com\/hu\/wp-json\/wp\/v2\/product"}],"about":[{"href":"https:\/\/stampcurio.com\/hu\/wp-json\/wp\/v2\/types\/product"}],"wp:featuredmedia":[{"embeddable":true,"href":"https:\/\/stampcurio.com\/hu\/wp-json\/wp\/v2\/media\/16800"}],"wp:attachment":[{"href":"https:\/\/stampcurio.com\/hu\/wp-json\/wp\/v2\/media?parent=15306"}],"wp:term":[{"taxonomy":"product_brand","embeddable":true,"href":"https:\/\/stampcurio.com\/hu\/wp-json\/wp\/v2\/product_brand?post=15306"},{"taxonomy":"product_cat","embeddable":true,"href":"https:\/\/stampcurio.com\/hu\/wp-json\/wp\/v2\/product_cat?post=15306"},{"taxonomy":"product_tag","embeddable":true,"href":"https:\/\/stampcurio.com\/hu\/wp-json\/wp\/v2\/product_tag?post=15306"}],"curies":[{"name":"wp","href":"https:\/\/api.w.org\/{rel}","templated":true}]}}