{"id":15305,"date":"2024-11-29T18:30:23","date_gmt":"2024-11-29T17:30:23","guid":{"rendered":"https:\/\/stampcurio.com\/product\/antalfalva-szerb-magyar-vegyes-1871-74-150%60-pt-gyuszubelyegzes\/"},"modified":"2025-12-05T04:07:25","modified_gmt":"2025-12-05T03:07:25","slug":"1871-1874-magyarorszag-vegyes-bermentesites-5-10-kr-kivagason-antalfalva-gyuszu-belyegzessel-gudlin-150-60-pont","status":"publish","type":"product","link":"https:\/\/stampcurio.com\/hu\/termek\/1871-1874-magyarorszag-vegyes-bermentesites-5-10-kr-kivagason-antalfalva-gyuszu-belyegzessel-gudlin-150-60-pont\/","title":{"rendered":"1871 \/ 1874 Magyarorsz\u00e1g &#8211; vegyes b\u00e9rmentes\u00edt\u00e9s 5 + 10 kr kiv\u00e1g\u00e1son ANTALFALVA gy\u0171sz\u0171 b\u00e9lyegz\u00e9ssel | Gudlin: 150 + 60 pont"},"content":{"rendered":"","protected":false},"excerpt":{"rendered":"","protected":false},"featured_media":17050,"template":"","meta":[],"product_brand":[],"product_cat":[1172,1245],"product_tag":[1664,116,1041],"class_list":{"0":"post-15305","1":"product","2":"type-product","3":"status-publish","4":"has-post-thumbnail","6":"product_cat-magyarorszag","7":"product_cat-szerbia","8":"product_tag-2nd-auction-hu","9":"product_tag-belyeg","10":"product_tag-marcophily-hu","12":"first","13":"instock","14":"sold-individually","15":"shipping-taxable","16":"product-type-simple"},"_links":{"self":[{"href":"https:\/\/stampcurio.com\/hu\/wp-json\/wp\/v2\/product\/15305","targetHints":{"allow":["GET"]}}],"collection":[{"href":"https:\/\/stampcurio.com\/hu\/wp-json\/wp\/v2\/product"}],"about":[{"href":"https:\/\/stampcurio.com\/hu\/wp-json\/wp\/v2\/types\/product"}],"wp:featuredmedia":[{"embeddable":true,"href":"https:\/\/stampcurio.com\/hu\/wp-json\/wp\/v2\/media\/17050"}],"wp:attachment":[{"href":"https:\/\/stampcurio.com\/hu\/wp-json\/wp\/v2\/media?parent=15305"}],"wp:term":[{"taxonomy":"product_brand","embeddable":true,"href":"https:\/\/stampcurio.com\/hu\/wp-json\/wp\/v2\/product_brand?post=15305"},{"taxonomy":"product_cat","embeddable":true,"href":"https:\/\/stampcurio.com\/hu\/wp-json\/wp\/v2\/product_cat?post=15305"},{"taxonomy":"product_tag","embeddable":true,"href":"https:\/\/stampcurio.com\/hu\/wp-json\/wp\/v2\/product_tag?post=15305"}],"curies":[{"name":"wp","href":"https:\/\/api.w.org\/{rel}","templated":true}]}}