{"id":15303,"date":"2024-11-29T18:30:22","date_gmt":"2024-11-29T17:30:22","guid":{"rendered":"https:\/\/stampcurio.com\/product\/1874-opatovac-lebelyegzes-horvat-magyar-gudlin-150-pt\/"},"modified":"2025-12-05T04:07:26","modified_gmt":"2025-12-05T03:07:26","slug":"1874-magyarorszag-opatovac-lebelyegzes-dijjegyes-kivagason-gudlin-150-pont","status":"publish","type":"product","link":"https:\/\/stampcurio.com\/hu\/termek\/1874-magyarorszag-opatovac-lebelyegzes-dijjegyes-kivagason-gudlin-150-pont\/","title":{"rendered":"1874 Magyarorsz\u00e1g &#8211; OPATOVAC leb\u00e9lyegz\u00e9s d\u00edjjegyes kiv\u00e1g\u00e1son | Gudlin: 150 pont"},"content":{"rendered":"","protected":false},"excerpt":{"rendered":"","protected":false},"featured_media":17588,"template":"","meta":[],"product_brand":[],"product_cat":[1192,1172],"product_tag":[1664,116,74,1041],"class_list":{"0":"post-15303","1":"product","2":"type-product","3":"status-publish","4":"has-post-thumbnail","6":"product_cat-horvatorszag","7":"product_cat-magyarorszag","8":"product_tag-2nd-auction-hu","9":"product_tag-belyeg","10":"product_tag-dijjegyes","11":"product_tag-marcophily-hu","13":"first","14":"instock","15":"sold-individually","16":"shipping-taxable","17":"product-type-simple"},"_links":{"self":[{"href":"https:\/\/stampcurio.com\/hu\/wp-json\/wp\/v2\/product\/15303","targetHints":{"allow":["GET"]}}],"collection":[{"href":"https:\/\/stampcurio.com\/hu\/wp-json\/wp\/v2\/product"}],"about":[{"href":"https:\/\/stampcurio.com\/hu\/wp-json\/wp\/v2\/types\/product"}],"wp:featuredmedia":[{"embeddable":true,"href":"https:\/\/stampcurio.com\/hu\/wp-json\/wp\/v2\/media\/17588"}],"wp:attachment":[{"href":"https:\/\/stampcurio.com\/hu\/wp-json\/wp\/v2\/media?parent=15303"}],"wp:term":[{"taxonomy":"product_brand","embeddable":true,"href":"https:\/\/stampcurio.com\/hu\/wp-json\/wp\/v2\/product_brand?post=15303"},{"taxonomy":"product_cat","embeddable":true,"href":"https:\/\/stampcurio.com\/hu\/wp-json\/wp\/v2\/product_cat?post=15303"},{"taxonomy":"product_tag","embeddable":true,"href":"https:\/\/stampcurio.com\/hu\/wp-json\/wp\/v2\/product_tag?post=15303"}],"curies":[{"name":"wp","href":"https:\/\/api.w.org\/{rel}","templated":true}]}}