{"id":15302,"date":"2024-11-29T18:30:22","date_gmt":"2024-11-29T17:30:22","guid":{"rendered":"https:\/\/stampcurio.com\/product\/1931-sarospatak-postatiszta-levelzaro-7-db\/"},"modified":"2025-12-05T04:07:26","modified_gmt":"2025-12-05T03:07:26","slug":"1931-magyarorszag-sarospatak-7-postatiszta-levelzaro","status":"publish","type":"product","link":"https:\/\/stampcurio.com\/hu\/termek\/1931-magyarorszag-sarospatak-7-postatiszta-levelzaro\/","title":{"rendered":"1931 Magyarorsz\u00e1g &#8211; S\u00e1rospatak, 7 postatiszta lev\u00e9lz\u00e1r\u00f3"},"content":{"rendered":"","protected":false},"excerpt":{"rendered":"","protected":false},"featured_media":17761,"template":"","meta":[],"product_brand":[],"product_cat":[1172],"product_tag":[1664,194,288,1006],"class_list":{"0":"post-15302","1":"product","2":"type-product","3":"status-publish","4":"has-post-thumbnail","6":"product_cat-magyarorszag","7":"product_tag-2nd-auction-hu","8":"product_tag-levelzaro","9":"product_tag-parafilatelia","10":"product_tag-unsold","12":"first","13":"instock","14":"sold-individually","15":"shipping-taxable","16":"product-type-simple"},"_links":{"self":[{"href":"https:\/\/stampcurio.com\/hu\/wp-json\/wp\/v2\/product\/15302","targetHints":{"allow":["GET"]}}],"collection":[{"href":"https:\/\/stampcurio.com\/hu\/wp-json\/wp\/v2\/product"}],"about":[{"href":"https:\/\/stampcurio.com\/hu\/wp-json\/wp\/v2\/types\/product"}],"wp:featuredmedia":[{"embeddable":true,"href":"https:\/\/stampcurio.com\/hu\/wp-json\/wp\/v2\/media\/17761"}],"wp:attachment":[{"href":"https:\/\/stampcurio.com\/hu\/wp-json\/wp\/v2\/media?parent=15302"}],"wp:term":[{"taxonomy":"product_brand","embeddable":true,"href":"https:\/\/stampcurio.com\/hu\/wp-json\/wp\/v2\/product_brand?post=15302"},{"taxonomy":"product_cat","embeddable":true,"href":"https:\/\/stampcurio.com\/hu\/wp-json\/wp\/v2\/product_cat?post=15302"},{"taxonomy":"product_tag","embeddable":true,"href":"https:\/\/stampcurio.com\/hu\/wp-json\/wp\/v2\/product_tag?post=15302"}],"curies":[{"name":"wp","href":"https:\/\/api.w.org\/{rel}","templated":true}]}}