{"id":15300,"date":"2024-11-29T18:30:22","date_gmt":"2024-11-29T17:30:22","guid":{"rendered":"https:\/\/stampcurio.com\/product\/1948-lanchid-i-blokk-hu-phu-35ezer\/"},"modified":"2025-12-05T04:07:25","modified_gmt":"2025-12-05T03:07:25","slug":"1948-magyarorszag-lanchid-i-postatiszta-blokk-michel-110-eur","status":"publish","type":"product","link":"https:\/\/stampcurio.com\/hu\/termek\/1948-magyarorszag-lanchid-i-postatiszta-blokk-michel-110-eur\/","title":{"rendered":"1948 Magyarorsz\u00e1g &#8211; L\u00e1nch\u00edd I. postatiszta ** blokk | Michel: 110 EUR"},"content":{"rendered":"","protected":false},"excerpt":{"rendered":"","protected":false},"featured_media":17592,"template":"","meta":[],"product_brand":[],"product_cat":[1172],"product_tag":[1664,116],"class_list":{"0":"post-15300","1":"product","2":"type-product","3":"status-publish","4":"has-post-thumbnail","6":"product_cat-magyarorszag","7":"product_tag-2nd-auction-hu","8":"product_tag-belyeg","10":"first","11":"instock","12":"sold-individually","13":"shipping-taxable","14":"product-type-simple"},"_links":{"self":[{"href":"https:\/\/stampcurio.com\/hu\/wp-json\/wp\/v2\/product\/15300","targetHints":{"allow":["GET"]}}],"collection":[{"href":"https:\/\/stampcurio.com\/hu\/wp-json\/wp\/v2\/product"}],"about":[{"href":"https:\/\/stampcurio.com\/hu\/wp-json\/wp\/v2\/types\/product"}],"wp:featuredmedia":[{"embeddable":true,"href":"https:\/\/stampcurio.com\/hu\/wp-json\/wp\/v2\/media\/17592"}],"wp:attachment":[{"href":"https:\/\/stampcurio.com\/hu\/wp-json\/wp\/v2\/media?parent=15300"}],"wp:term":[{"taxonomy":"product_brand","embeddable":true,"href":"https:\/\/stampcurio.com\/hu\/wp-json\/wp\/v2\/product_brand?post=15300"},{"taxonomy":"product_cat","embeddable":true,"href":"https:\/\/stampcurio.com\/hu\/wp-json\/wp\/v2\/product_cat?post=15300"},{"taxonomy":"product_tag","embeddable":true,"href":"https:\/\/stampcurio.com\/hu\/wp-json\/wp\/v2\/product_tag?post=15300"}],"curies":[{"name":"wp","href":"https:\/\/api.w.org\/{rel}","templated":true}]}}