{"id":1530,"date":"2023-11-09T16:16:52","date_gmt":"2023-11-09T15:16:52","guid":{"rendered":"http:\/\/stampcurio.com\/?post_type=product&#038;p=1530"},"modified":"2025-12-05T04:13:46","modified_gmt":"2025-12-05T03:13:46","slug":"1919-dijjegyes-levelezolap-temesvarrol-svedorszagba-cenzuraval-szerb-megszallas-idoszaka","status":"publish","type":"product","link":"https:\/\/stampcurio.com\/hu\/termek\/1919-dijjegyes-levelezolap-temesvarrol-svedorszagba-cenzuraval-szerb-megszallas-idoszaka\/","title":{"rendered":"1919 d\u00edjjegyes levelez\u0151lap Temesv\u00e1rr\u00f3l Sv\u00e9dorsz\u00e1gba cenz\u00far\u00e1val &#8211; Szerb megsz\u00e1ll\u00e1s id\u0151szaka"},"content":{"rendered":"","protected":false},"excerpt":{"rendered":"","protected":false},"featured_media":10981,"template":"","meta":[],"product_brand":[],"product_cat":[73,105,136,135],"product_tag":[1044,233,74,1008,89],"class_list":{"0":"post-1530","1":"product","2":"type-product","3":"status-publish","4":"has-post-thumbnail","6":"product_cat-magyarorszag-1st","7":"product_cat-romania-1st","8":"product_cat-svedorszag-1st","9":"product_cat-szerbia-1st","10":"product_tag-1st-auction-hu","11":"product_tag-cenzura","12":"product_tag-dijjegyes","13":"product_tag-ebay","14":"product_tag-postatortenet","15":"pa_catalog_id-134","17":"first","18":"instock","19":"sold-individually","20":"shipping-taxable","21":"product-type-simple"},"_links":{"self":[{"href":"https:\/\/stampcurio.com\/hu\/wp-json\/wp\/v2\/product\/1530","targetHints":{"allow":["GET"]}}],"collection":[{"href":"https:\/\/stampcurio.com\/hu\/wp-json\/wp\/v2\/product"}],"about":[{"href":"https:\/\/stampcurio.com\/hu\/wp-json\/wp\/v2\/types\/product"}],"wp:featuredmedia":[{"embeddable":true,"href":"https:\/\/stampcurio.com\/hu\/wp-json\/wp\/v2\/media\/10981"}],"wp:attachment":[{"href":"https:\/\/stampcurio.com\/hu\/wp-json\/wp\/v2\/media?parent=1530"}],"wp:term":[{"taxonomy":"product_brand","embeddable":true,"href":"https:\/\/stampcurio.com\/hu\/wp-json\/wp\/v2\/product_brand?post=1530"},{"taxonomy":"product_cat","embeddable":true,"href":"https:\/\/stampcurio.com\/hu\/wp-json\/wp\/v2\/product_cat?post=1530"},{"taxonomy":"product_tag","embeddable":true,"href":"https:\/\/stampcurio.com\/hu\/wp-json\/wp\/v2\/product_tag?post=1530"}],"curies":[{"name":"wp","href":"https:\/\/api.w.org\/{rel}","templated":true}]}}