{"id":15299,"date":"2024-11-29T18:30:21","date_gmt":"2024-11-29T17:30:21","guid":{"rendered":"https:\/\/stampcurio.com\/product\/1860-franciaorszag-10-c-privatfogazott-belyeg-levelen-300-eur-michel-paris-francfurt-50-cent-bermentesitessel-2x2010-signed\/"},"modified":"2025-12-05T04:07:28","modified_gmt":"2025-12-05T03:07:28","slug":"1860-franciaorszag-10-c-privatfogazott-belyeg-paris-frankfurt-boritekon-signed-michel-300-eur","status":"publish","type":"product","link":"https:\/\/stampcurio.com\/hu\/termek\/1860-franciaorszag-10-c-privatfogazott-belyeg-paris-frankfurt-boritekon-signed-michel-300-eur\/","title":{"rendered":"1860 Franciaorsz\u00e1g &#8211; 10 c priv\u00e1tfogazott b\u00e9lyeg Paris &#8211; Frankfurt bor\u00edt\u00e9kon \/ signed \/ Michel: 300 EUR"},"content":{"rendered":"","protected":false},"excerpt":{"rendered":"","protected":false},"featured_media":17811,"template":"","meta":[],"product_brand":[],"product_cat":[1181,1175],"product_tag":[1664,116,89,1631,217],"class_list":{"0":"post-15299","1":"product","2":"type-product","3":"status-publish","4":"has-post-thumbnail","6":"product_cat-franciaorszag","7":"product_cat-nemetorszag","8":"product_tag-2nd-auction-hu","9":"product_tag-belyeg","10":"product_tag-postatortenet","11":"product_tag-pre-upu","12":"product_tag-tevnyomat","14":"first","15":"instock","16":"sold-individually","17":"shipping-taxable","18":"product-type-simple"},"_links":{"self":[{"href":"https:\/\/stampcurio.com\/hu\/wp-json\/wp\/v2\/product\/15299","targetHints":{"allow":["GET"]}}],"collection":[{"href":"https:\/\/stampcurio.com\/hu\/wp-json\/wp\/v2\/product"}],"about":[{"href":"https:\/\/stampcurio.com\/hu\/wp-json\/wp\/v2\/types\/product"}],"wp:featuredmedia":[{"embeddable":true,"href":"https:\/\/stampcurio.com\/hu\/wp-json\/wp\/v2\/media\/17811"}],"wp:attachment":[{"href":"https:\/\/stampcurio.com\/hu\/wp-json\/wp\/v2\/media?parent=15299"}],"wp:term":[{"taxonomy":"product_brand","embeddable":true,"href":"https:\/\/stampcurio.com\/hu\/wp-json\/wp\/v2\/product_brand?post=15299"},{"taxonomy":"product_cat","embeddable":true,"href":"https:\/\/stampcurio.com\/hu\/wp-json\/wp\/v2\/product_cat?post=15299"},{"taxonomy":"product_tag","embeddable":true,"href":"https:\/\/stampcurio.com\/hu\/wp-json\/wp\/v2\/product_tag?post=15299"}],"curies":[{"name":"wp","href":"https:\/\/api.w.org\/{rel}","templated":true}]}}