{"id":15298,"date":"2024-11-29T18:30:21","date_gmt":"2024-11-29T17:30:21","guid":{"rendered":"https:\/\/stampcurio.com\/product\/1863-olaszorszag-2-lira-belyeg-angol-belyegzovel\/"},"modified":"2025-12-05T04:07:27","modified_gmt":"2025-12-05T03:07:27","slug":"1863-olaszorszag-2-liras-belyeg-angol-206-s-sorszamu-belyegzovel-stampworld-60-eur","status":"publish","type":"product","link":"https:\/\/stampcurio.com\/hu\/termek\/1863-olaszorszag-2-liras-belyeg-angol-206-s-sorszamu-belyegzovel-stampworld-60-eur\/","title":{"rendered":"1863 Olaszorsz\u00e1g &#8211; 2 l\u00edr\u00e1s b\u00e9lyeg angol 206-s sorsz\u00e1m\u00fa b\u00e9lyegz\u0151vel &#8211; stampworld 60++ EUR"},"content":{"rendered":"","protected":false},"excerpt":{"rendered":"","protected":false},"featured_media":23754,"template":"","meta":[],"product_brand":[],"product_cat":[1186,1183],"product_tag":[1664,116,1041],"class_list":{"0":"post-15298","1":"product","2":"type-product","3":"status-publish","4":"has-post-thumbnail","6":"product_cat-brit-birodalom","7":"product_cat-olaszorszag","8":"product_tag-2nd-auction-hu","9":"product_tag-belyeg","10":"product_tag-marcophily-hu","12":"first","13":"instock","14":"sold-individually","15":"shipping-taxable","16":"product-type-simple"},"_links":{"self":[{"href":"https:\/\/stampcurio.com\/hu\/wp-json\/wp\/v2\/product\/15298","targetHints":{"allow":["GET"]}}],"collection":[{"href":"https:\/\/stampcurio.com\/hu\/wp-json\/wp\/v2\/product"}],"about":[{"href":"https:\/\/stampcurio.com\/hu\/wp-json\/wp\/v2\/types\/product"}],"wp:featuredmedia":[{"embeddable":true,"href":"https:\/\/stampcurio.com\/hu\/wp-json\/wp\/v2\/media\/23754"}],"wp:attachment":[{"href":"https:\/\/stampcurio.com\/hu\/wp-json\/wp\/v2\/media?parent=15298"}],"wp:term":[{"taxonomy":"product_brand","embeddable":true,"href":"https:\/\/stampcurio.com\/hu\/wp-json\/wp\/v2\/product_brand?post=15298"},{"taxonomy":"product_cat","embeddable":true,"href":"https:\/\/stampcurio.com\/hu\/wp-json\/wp\/v2\/product_cat?post=15298"},{"taxonomy":"product_tag","embeddable":true,"href":"https:\/\/stampcurio.com\/hu\/wp-json\/wp\/v2\/product_tag?post=15298"}],"curies":[{"name":"wp","href":"https:\/\/api.w.org\/{rel}","templated":true}]}}