{"id":15297,"date":"2024-11-29T18:30:21","date_gmt":"2024-11-29T17:30:21","guid":{"rendered":"https:\/\/stampcurio.com\/product\/horvato-1020-para-10p-mng-20p-hinged-1918-kettosnyomatok\/"},"modified":"2025-12-05T04:07:27","modified_gmt":"2025-12-05T03:07:27","slug":"1918-horvatorszag-10-para-20-para-kettosnyomatok","status":"publish","type":"product","link":"https:\/\/stampcurio.com\/hu\/termek\/1918-horvatorszag-10-para-20-para-kettosnyomatok\/","title":{"rendered":"1918 Horv\u00e1torsz\u00e1g &#8211; 10 para (*) + 20 para * kett\u0151snyomatok"},"content":{"rendered":"<p>10 para: MNG<br \/>\n20 para: MH<\/p>\n","protected":false},"excerpt":{"rendered":"<p>10 para: MNG 20 para: MH<\/p>\n","protected":false},"featured_media":16795,"template":"","meta":[],"product_brand":[],"product_cat":[1192],"product_tag":[1664,116,217,1006],"class_list":{"0":"post-15297","1":"product","2":"type-product","3":"status-publish","4":"has-post-thumbnail","6":"product_cat-horvatorszag","7":"product_tag-2nd-auction-hu","8":"product_tag-belyeg","9":"product_tag-tevnyomat","10":"product_tag-unsold","12":"first","13":"instock","14":"sold-individually","15":"shipping-taxable","16":"product-type-simple"},"_links":{"self":[{"href":"https:\/\/stampcurio.com\/hu\/wp-json\/wp\/v2\/product\/15297","targetHints":{"allow":["GET"]}}],"collection":[{"href":"https:\/\/stampcurio.com\/hu\/wp-json\/wp\/v2\/product"}],"about":[{"href":"https:\/\/stampcurio.com\/hu\/wp-json\/wp\/v2\/types\/product"}],"wp:featuredmedia":[{"embeddable":true,"href":"https:\/\/stampcurio.com\/hu\/wp-json\/wp\/v2\/media\/16795"}],"wp:attachment":[{"href":"https:\/\/stampcurio.com\/hu\/wp-json\/wp\/v2\/media?parent=15297"}],"wp:term":[{"taxonomy":"product_brand","embeddable":true,"href":"https:\/\/stampcurio.com\/hu\/wp-json\/wp\/v2\/product_brand?post=15297"},{"taxonomy":"product_cat","embeddable":true,"href":"https:\/\/stampcurio.com\/hu\/wp-json\/wp\/v2\/product_cat?post=15297"},{"taxonomy":"product_tag","embeddable":true,"href":"https:\/\/stampcurio.com\/hu\/wp-json\/wp\/v2\/product_tag?post=15297"}],"curies":[{"name":"wp","href":"https:\/\/api.w.org\/{rel}","templated":true}]}}