{"id":15296,"date":"2024-11-29T18:30:20","date_gmt":"2024-11-29T17:30:20","guid":{"rendered":"https:\/\/stampcurio.com\/product\/1861-genova-bercellibe-kuldott-level-1876-genova-2-genovai-level-it\/"},"modified":"2025-12-05T04:07:29","modified_gmt":"2025-12-05T03:07:29","slug":"1861-1876-olaszorszag-ket-level-genovai-feladassal","status":"publish","type":"product","link":"https:\/\/stampcurio.com\/hu\/termek\/1861-1876-olaszorszag-ket-level-genovai-feladassal\/","title":{"rendered":"1861 &#8211; 1876 Olaszorsz\u00e1g &#8211; k\u00e9t lev\u00e9l genovai felad\u00e1ssal"},"content":{"rendered":"","protected":false},"excerpt":{"rendered":"","protected":false},"featured_media":17765,"template":"","meta":[],"product_brand":[],"product_cat":[1183],"product_tag":[1664,116,89,1631],"class_list":{"0":"post-15296","1":"product","2":"type-product","3":"status-publish","4":"has-post-thumbnail","6":"product_cat-olaszorszag","7":"product_tag-2nd-auction-hu","8":"product_tag-belyeg","9":"product_tag-postatortenet","10":"product_tag-pre-upu","12":"first","13":"instock","14":"sold-individually","15":"shipping-taxable","16":"product-type-simple"},"_links":{"self":[{"href":"https:\/\/stampcurio.com\/hu\/wp-json\/wp\/v2\/product\/15296","targetHints":{"allow":["GET"]}}],"collection":[{"href":"https:\/\/stampcurio.com\/hu\/wp-json\/wp\/v2\/product"}],"about":[{"href":"https:\/\/stampcurio.com\/hu\/wp-json\/wp\/v2\/types\/product"}],"wp:featuredmedia":[{"embeddable":true,"href":"https:\/\/stampcurio.com\/hu\/wp-json\/wp\/v2\/media\/17765"}],"wp:attachment":[{"href":"https:\/\/stampcurio.com\/hu\/wp-json\/wp\/v2\/media?parent=15296"}],"wp:term":[{"taxonomy":"product_brand","embeddable":true,"href":"https:\/\/stampcurio.com\/hu\/wp-json\/wp\/v2\/product_brand?post=15296"},{"taxonomy":"product_cat","embeddable":true,"href":"https:\/\/stampcurio.com\/hu\/wp-json\/wp\/v2\/product_cat?post=15296"},{"taxonomy":"product_tag","embeddable":true,"href":"https:\/\/stampcurio.com\/hu\/wp-json\/wp\/v2\/product_tag?post=15296"}],"curies":[{"name":"wp","href":"https:\/\/api.w.org\/{rel}","templated":true}]}}