{"id":15295,"date":"2024-11-29T18:30:20","date_gmt":"2024-11-29T17:30:20","guid":{"rendered":"https:\/\/stampcurio.com\/product\/1-1885-sarkany-3-candarins-kina-postatiszta-falcos\/"},"modified":"2025-12-05T04:07:28","modified_gmt":"2025-12-05T03:07:28","slug":"1885-kina-3-candarins-kis-sarkany-postatiszta-belyeg-ket-1888-1c-postatiszta-belyeg","status":"publish","type":"product","link":"https:\/\/stampcurio.com\/hu\/termek\/1885-kina-3-candarins-kis-sarkany-postatiszta-belyeg-ket-1888-1c-postatiszta-belyeg\/","title":{"rendered":"1885 K\u00edna &#8211; 3 candarins kis s\u00e1rk\u00e1ny postatiszta * b\u00e9lyeg + k\u00e9t 1888 1c postatiszta ** \/ * b\u00e9lyeg"},"content":{"rendered":"","protected":false},"excerpt":{"rendered":"","protected":false},"featured_media":23588,"template":"","meta":[],"product_brand":[],"product_cat":[1247],"product_tag":[1664,116],"class_list":{"0":"post-15295","1":"product","2":"type-product","3":"status-publish","4":"has-post-thumbnail","6":"product_cat-kina","7":"product_tag-2nd-auction-hu","8":"product_tag-belyeg","10":"first","11":"instock","12":"sold-individually","13":"shipping-taxable","14":"product-type-simple"},"_links":{"self":[{"href":"https:\/\/stampcurio.com\/hu\/wp-json\/wp\/v2\/product\/15295","targetHints":{"allow":["GET"]}}],"collection":[{"href":"https:\/\/stampcurio.com\/hu\/wp-json\/wp\/v2\/product"}],"about":[{"href":"https:\/\/stampcurio.com\/hu\/wp-json\/wp\/v2\/types\/product"}],"wp:featuredmedia":[{"embeddable":true,"href":"https:\/\/stampcurio.com\/hu\/wp-json\/wp\/v2\/media\/23588"}],"wp:attachment":[{"href":"https:\/\/stampcurio.com\/hu\/wp-json\/wp\/v2\/media?parent=15295"}],"wp:term":[{"taxonomy":"product_brand","embeddable":true,"href":"https:\/\/stampcurio.com\/hu\/wp-json\/wp\/v2\/product_brand?post=15295"},{"taxonomy":"product_cat","embeddable":true,"href":"https:\/\/stampcurio.com\/hu\/wp-json\/wp\/v2\/product_cat?post=15295"},{"taxonomy":"product_tag","embeddable":true,"href":"https:\/\/stampcurio.com\/hu\/wp-json\/wp\/v2\/product_tag?post=15295"}],"curies":[{"name":"wp","href":"https:\/\/api.w.org\/{rel}","templated":true}]}}