{"id":15294,"date":"2024-11-29T18:30:20","date_gmt":"2024-11-29T17:30:20","guid":{"rendered":"https:\/\/stampcurio.com\/product\/1931-balatoni-intezobizottsag-altal-kibocsajtott-20f-dijjegyes-kijelentolap-mellekelve-a-rendelet-masolat-jibocsatast-engedelyezo-kormanyrendelet-masolata\/"},"modified":"2025-12-05T04:07:28","modified_gmt":"2025-12-05T03:07:28","slug":"1931-magyarorszag-a-balatoni-intezobizottsag-altal-kibocsajtott-20-filleres-dijjegyes-kijelentolap-mellekelve-a-kibocsajtast-engedelyezo-kormanyrendelet-masolata-eddig-ismeretlen-dijjegyes","status":"publish","type":"product","link":"https:\/\/stampcurio.com\/hu\/termek\/1931-magyarorszag-a-balatoni-intezobizottsag-altal-kibocsajtott-20-filleres-dijjegyes-kijelentolap-mellekelve-a-kibocsajtast-engedelyezo-kormanyrendelet-masolata-eddig-ismeretlen-dijjegyes\/","title":{"rendered":"1931 Magyarorsz\u00e1g &#8211; a Balatoni Int\u00e9z\u0151bizotts\u00e1g \u00e1ltal kibocs\u00e1jtott 20 fill\u00e9res d\u00edjjegyes kijelent\u0151lap, mell\u00e9kelve a kibocs\u00e1jt\u00e1st enged\u00e9lyez\u0151 korm\u00e1nyrendelet m\u00e1solata &#8211; eddig ismeretlen d\u00edjjegyes!"},"content":{"rendered":"","protected":false},"excerpt":{"rendered":"","protected":false},"featured_media":17912,"template":"","meta":[],"product_brand":[],"product_cat":[1172],"product_tag":[1664,74,282,1006],"class_list":{"0":"post-15294","1":"product","2":"type-product","3":"status-publish","4":"has-post-thumbnail","6":"product_cat-magyarorszag","7":"product_tag-2nd-auction-hu","8":"product_tag-dijjegyes","9":"product_tag-okmanybelyeg","10":"product_tag-unsold","12":"first","13":"instock","14":"sold-individually","15":"shipping-taxable","16":"product-type-simple"},"_links":{"self":[{"href":"https:\/\/stampcurio.com\/hu\/wp-json\/wp\/v2\/product\/15294","targetHints":{"allow":["GET"]}}],"collection":[{"href":"https:\/\/stampcurio.com\/hu\/wp-json\/wp\/v2\/product"}],"about":[{"href":"https:\/\/stampcurio.com\/hu\/wp-json\/wp\/v2\/types\/product"}],"wp:featuredmedia":[{"embeddable":true,"href":"https:\/\/stampcurio.com\/hu\/wp-json\/wp\/v2\/media\/17912"}],"wp:attachment":[{"href":"https:\/\/stampcurio.com\/hu\/wp-json\/wp\/v2\/media?parent=15294"}],"wp:term":[{"taxonomy":"product_brand","embeddable":true,"href":"https:\/\/stampcurio.com\/hu\/wp-json\/wp\/v2\/product_brand?post=15294"},{"taxonomy":"product_cat","embeddable":true,"href":"https:\/\/stampcurio.com\/hu\/wp-json\/wp\/v2\/product_cat?post=15294"},{"taxonomy":"product_tag","embeddable":true,"href":"https:\/\/stampcurio.com\/hu\/wp-json\/wp\/v2\/product_tag?post=15294"}],"curies":[{"name":"wp","href":"https:\/\/api.w.org\/{rel}","templated":true}]}}