{"id":15293,"date":"2024-11-29T18:30:20","date_gmt":"2024-11-29T17:30:20","guid":{"rendered":"https:\/\/stampcurio.com\/product\/3-para-romania-1862\/"},"modified":"2025-12-05T04:07:28","modified_gmt":"2025-12-05T03:07:28","slug":"1862-romania-3-para-pecsetelt-belyeg","status":"publish","type":"product","link":"https:\/\/stampcurio.com\/hu\/termek\/1862-romania-3-para-pecsetelt-belyeg\/","title":{"rendered":"1862 Rom\u00e1nia &#8211; 3 para pecs\u00e9telt b\u00e9lyeg"},"content":{"rendered":"","protected":false},"excerpt":{"rendered":"","protected":false},"featured_media":17578,"template":"","meta":[],"product_brand":[],"product_cat":[1208],"product_tag":[1664,116,1041],"class_list":{"0":"post-15293","1":"product","2":"type-product","3":"status-publish","4":"has-post-thumbnail","6":"product_cat-romania","7":"product_tag-2nd-auction-hu","8":"product_tag-belyeg","9":"product_tag-marcophily-hu","11":"first","12":"instock","13":"sold-individually","14":"shipping-taxable","15":"product-type-simple"},"_links":{"self":[{"href":"https:\/\/stampcurio.com\/hu\/wp-json\/wp\/v2\/product\/15293","targetHints":{"allow":["GET"]}}],"collection":[{"href":"https:\/\/stampcurio.com\/hu\/wp-json\/wp\/v2\/product"}],"about":[{"href":"https:\/\/stampcurio.com\/hu\/wp-json\/wp\/v2\/types\/product"}],"wp:featuredmedia":[{"embeddable":true,"href":"https:\/\/stampcurio.com\/hu\/wp-json\/wp\/v2\/media\/17578"}],"wp:attachment":[{"href":"https:\/\/stampcurio.com\/hu\/wp-json\/wp\/v2\/media?parent=15293"}],"wp:term":[{"taxonomy":"product_brand","embeddable":true,"href":"https:\/\/stampcurio.com\/hu\/wp-json\/wp\/v2\/product_brand?post=15293"},{"taxonomy":"product_cat","embeddable":true,"href":"https:\/\/stampcurio.com\/hu\/wp-json\/wp\/v2\/product_cat?post=15293"},{"taxonomy":"product_tag","embeddable":true,"href":"https:\/\/stampcurio.com\/hu\/wp-json\/wp\/v2\/product_tag?post=15293"}],"curies":[{"name":"wp","href":"https:\/\/api.w.org\/{rel}","templated":true}]}}