{"id":15291,"date":"2024-11-29T18:30:19","date_gmt":"2024-11-29T17:30:19","guid":{"rendered":"https:\/\/stampcurio.com\/product\/1862-64-romania-iii-kiadas-a-red-6-para-signed-zoschak-2x6-para-piros-es-karmin-es-3x30-para\/"},"modified":"2025-12-05T04:07:30","modified_gmt":"2025-12-05T03:07:30","slug":"1862-1864-romania-iii-kiadas-belyegei-26-par-piros-es-karmin-szinekben-330-par-pruf-zoschak","status":"publish","type":"product","link":"https:\/\/stampcurio.com\/hu\/termek\/1862-1864-romania-iii-kiadas-belyegei-26-par-piros-es-karmin-szinekben-330-par-pruf-zoschak\/","title":{"rendered":"1862 \/ 1864 Rom\u00e1nia &#8211; III. kiad\u00e1s b\u00e9lyegei, 2*6 par piros \u00e9s k\u00e1rmin sz\u00ednekben + 3*30 par | pr\u00fcf: Zoschak"},"content":{"rendered":"","protected":false},"excerpt":{"rendered":"","protected":false},"featured_media":16722,"template":"","meta":[],"product_brand":[],"product_cat":[1208],"product_tag":[1664,116,217],"class_list":{"0":"post-15291","1":"product","2":"type-product","3":"status-publish","4":"has-post-thumbnail","6":"product_cat-romania","7":"product_tag-2nd-auction-hu","8":"product_tag-belyeg","9":"product_tag-tevnyomat","11":"first","12":"outofstock","13":"sold-individually","14":"shipping-taxable","15":"product-type-simple"},"_links":{"self":[{"href":"https:\/\/stampcurio.com\/hu\/wp-json\/wp\/v2\/product\/15291","targetHints":{"allow":["GET"]}}],"collection":[{"href":"https:\/\/stampcurio.com\/hu\/wp-json\/wp\/v2\/product"}],"about":[{"href":"https:\/\/stampcurio.com\/hu\/wp-json\/wp\/v2\/types\/product"}],"wp:featuredmedia":[{"embeddable":true,"href":"https:\/\/stampcurio.com\/hu\/wp-json\/wp\/v2\/media\/16722"}],"wp:attachment":[{"href":"https:\/\/stampcurio.com\/hu\/wp-json\/wp\/v2\/media?parent=15291"}],"wp:term":[{"taxonomy":"product_brand","embeddable":true,"href":"https:\/\/stampcurio.com\/hu\/wp-json\/wp\/v2\/product_brand?post=15291"},{"taxonomy":"product_cat","embeddable":true,"href":"https:\/\/stampcurio.com\/hu\/wp-json\/wp\/v2\/product_cat?post=15291"},{"taxonomy":"product_tag","embeddable":true,"href":"https:\/\/stampcurio.com\/hu\/wp-json\/wp\/v2\/product_tag?post=15291"}],"curies":[{"name":"wp","href":"https:\/\/api.w.org\/{rel}","templated":true}]}}