{"id":15290,"date":"2024-11-29T18:30:19","date_gmt":"2024-11-29T17:30:19","guid":{"rendered":"https:\/\/stampcurio.com\/product\/1858-romania-80-par-hasznalt-szep-festekfolttal-a-kurt-felett-nagy-ivszellel-kekes-papiron-r-zoschak-signed\/"},"modified":"2025-12-05T04:07:29","modified_gmt":"2025-12-05T03:07:29","slug":"1858-romania-80-para-pecsetelt-belyeg-szep-festekfolttal-a-kurt-felett-nagy-ivszellel-kekes-papiron-pruf-r-zoschak","status":"publish","type":"product","link":"https:\/\/stampcurio.com\/hu\/termek\/1858-romania-80-para-pecsetelt-belyeg-szep-festekfolttal-a-kurt-felett-nagy-ivszellel-kekes-papiron-pruf-r-zoschak\/","title":{"rendered":"1858 Rom\u00e1nia &#8211; 80 para pecs\u00e9telt b\u00e9lyeg sz\u00e9p fest\u00e9kfolttal a k\u00fcrt felett, nagy \u00edvsz\u00e9llel, k\u00e9kes pap\u00edron | Pr\u00fcf: R. Zoschak"},"content":{"rendered":"","protected":false},"excerpt":{"rendered":"","protected":false},"featured_media":16780,"template":"","meta":[],"product_brand":[],"product_cat":[1208],"product_tag":[1664,116,176,217],"class_list":{"0":"post-15290","1":"product","2":"type-product","3":"status-publish","4":"has-post-thumbnail","6":"product_cat-romania","7":"product_tag-2nd-auction-hu","8":"product_tag-belyeg","9":"product_tag-philagem","10":"product_tag-tevnyomat","12":"first","13":"outofstock","14":"sold-individually","15":"shipping-taxable","16":"product-type-simple"},"_links":{"self":[{"href":"https:\/\/stampcurio.com\/hu\/wp-json\/wp\/v2\/product\/15290","targetHints":{"allow":["GET"]}}],"collection":[{"href":"https:\/\/stampcurio.com\/hu\/wp-json\/wp\/v2\/product"}],"about":[{"href":"https:\/\/stampcurio.com\/hu\/wp-json\/wp\/v2\/types\/product"}],"wp:featuredmedia":[{"embeddable":true,"href":"https:\/\/stampcurio.com\/hu\/wp-json\/wp\/v2\/media\/16780"}],"wp:attachment":[{"href":"https:\/\/stampcurio.com\/hu\/wp-json\/wp\/v2\/media?parent=15290"}],"wp:term":[{"taxonomy":"product_brand","embeddable":true,"href":"https:\/\/stampcurio.com\/hu\/wp-json\/wp\/v2\/product_brand?post=15290"},{"taxonomy":"product_cat","embeddable":true,"href":"https:\/\/stampcurio.com\/hu\/wp-json\/wp\/v2\/product_cat?post=15290"},{"taxonomy":"product_tag","embeddable":true,"href":"https:\/\/stampcurio.com\/hu\/wp-json\/wp\/v2\/product_tag?post=15290"}],"curies":[{"name":"wp","href":"https:\/\/api.w.org\/{rel}","templated":true}]}}