{"id":15288,"date":"2024-11-29T18:30:18","date_gmt":"2024-11-29T17:30:18","guid":{"rendered":"https:\/\/stampcurio.com\/product\/xxx-5-pecsetelt-reklamszelvenyes-belyeg-olaszo\/"},"modified":"2025-12-05T04:07:31","modified_gmt":"2025-12-05T03:07:31","slug":"1924-olaszorszag-ot-pecsetelt-reklamszelvenyes-belyeg","status":"publish","type":"product","link":"https:\/\/stampcurio.com\/hu\/termek\/1924-olaszorszag-ot-pecsetelt-reklamszelvenyes-belyeg\/","title":{"rendered":"1924 Olaszorsz\u00e1g &#8211; \u00f6t pecs\u00e9telt rekl\u00e1mszelv\u00e9nyes b\u00e9lyeg"},"content":{"rendered":"","protected":false},"excerpt":{"rendered":"","protected":false},"featured_media":16574,"template":"","meta":[],"product_brand":[],"product_cat":[1183],"product_tag":[1664,116,75,1006],"class_list":{"0":"post-15288","1":"product","2":"type-product","3":"status-publish","4":"has-post-thumbnail","6":"product_cat-olaszorszag","7":"product_tag-2nd-auction-hu","8":"product_tag-belyeg","9":"product_tag-reklam","10":"product_tag-unsold","12":"first","13":"outofstock","14":"sold-individually","15":"shipping-taxable","16":"product-type-simple"},"_links":{"self":[{"href":"https:\/\/stampcurio.com\/hu\/wp-json\/wp\/v2\/product\/15288","targetHints":{"allow":["GET"]}}],"collection":[{"href":"https:\/\/stampcurio.com\/hu\/wp-json\/wp\/v2\/product"}],"about":[{"href":"https:\/\/stampcurio.com\/hu\/wp-json\/wp\/v2\/types\/product"}],"wp:featuredmedia":[{"embeddable":true,"href":"https:\/\/stampcurio.com\/hu\/wp-json\/wp\/v2\/media\/16574"}],"wp:attachment":[{"href":"https:\/\/stampcurio.com\/hu\/wp-json\/wp\/v2\/media?parent=15288"}],"wp:term":[{"taxonomy":"product_brand","embeddable":true,"href":"https:\/\/stampcurio.com\/hu\/wp-json\/wp\/v2\/product_brand?post=15288"},{"taxonomy":"product_cat","embeddable":true,"href":"https:\/\/stampcurio.com\/hu\/wp-json\/wp\/v2\/product_cat?post=15288"},{"taxonomy":"product_tag","embeddable":true,"href":"https:\/\/stampcurio.com\/hu\/wp-json\/wp\/v2\/product_tag?post=15288"}],"curies":[{"name":"wp","href":"https:\/\/api.w.org\/{rel}","templated":true}]}}