{"id":15286,"date":"2024-11-29T18:30:17","date_gmt":"2024-11-29T17:30:17","guid":{"rendered":"https:\/\/stampcurio.com\/product\/1868-konzukatusi-magyar-posta-jakobmarmors-levelzaroval\/"},"modified":"2025-12-05T04:07:32","modified_gmt":"2025-12-05T03:07:32","slug":"1868-magyarorszag-levante-bukarest-konzulatusi-posta-becsbe-kuldve-10-sld-belyeggel-jacob-marmoroschi-levelzaroval","status":"publish","type":"product","link":"https:\/\/stampcurio.com\/hu\/termek\/1868-magyarorszag-levante-bukarest-konzulatusi-posta-becsbe-kuldve-10-sld-belyeggel-jacob-marmoroschi-levelzaroval\/","title":{"rendered":"1868 Magyarorsz\u00e1g Levante &#8211; Bukarest konzul\u00e1tusi posta B\u00e9csbe k\u00fcldve 10 sld b\u00e9lyeggel Jacob Marmoroschi lev\u00e9lz\u00e1r\u00f3val"},"content":{"rendered":"","protected":false},"excerpt":{"rendered":"","protected":false},"featured_media":17819,"template":"","meta":[],"product_brand":[],"product_cat":[1178,1172,1208],"product_tag":[1664,116,194,1041,288,176,89,1631,1006],"class_list":{"0":"post-15286","1":"product","2":"type-product","3":"status-publish","4":"has-post-thumbnail","6":"product_cat-ausztria","7":"product_cat-magyarorszag","8":"product_cat-romania","9":"product_tag-2nd-auction-hu","10":"product_tag-belyeg","11":"product_tag-levelzaro","12":"product_tag-marcophily-hu","13":"product_tag-parafilatelia","14":"product_tag-philagem","15":"product_tag-postatortenet","16":"product_tag-pre-upu","17":"product_tag-unsold","19":"first","20":"outofstock","21":"sold-individually","22":"shipping-taxable","23":"product-type-simple"},"_links":{"self":[{"href":"https:\/\/stampcurio.com\/hu\/wp-json\/wp\/v2\/product\/15286","targetHints":{"allow":["GET"]}}],"collection":[{"href":"https:\/\/stampcurio.com\/hu\/wp-json\/wp\/v2\/product"}],"about":[{"href":"https:\/\/stampcurio.com\/hu\/wp-json\/wp\/v2\/types\/product"}],"wp:featuredmedia":[{"embeddable":true,"href":"https:\/\/stampcurio.com\/hu\/wp-json\/wp\/v2\/media\/17819"}],"wp:attachment":[{"href":"https:\/\/stampcurio.com\/hu\/wp-json\/wp\/v2\/media?parent=15286"}],"wp:term":[{"taxonomy":"product_brand","embeddable":true,"href":"https:\/\/stampcurio.com\/hu\/wp-json\/wp\/v2\/product_brand?post=15286"},{"taxonomy":"product_cat","embeddable":true,"href":"https:\/\/stampcurio.com\/hu\/wp-json\/wp\/v2\/product_cat?post=15286"},{"taxonomy":"product_tag","embeddable":true,"href":"https:\/\/stampcurio.com\/hu\/wp-json\/wp\/v2\/product_tag?post=15286"}],"curies":[{"name":"wp","href":"https:\/\/api.w.org\/{rel}","templated":true}]}}