{"id":15285,"date":"2024-11-29T18:30:17","date_gmt":"2024-11-29T17:30:17","guid":{"rendered":"https:\/\/stampcurio.com\/product\/konzulatusi-posta-at-hu-ro-becsbe-kuldott-portos-level-teljes-appel-and-co-1868\/"},"modified":"2025-12-05T04:07:32","modified_gmt":"2025-12-05T03:07:32","slug":"1868-magyarorszag-levante-bukarest-konzulatusi-posta-becsbe-kuldott-portos-level-appel-and-co","status":"publish","type":"product","link":"https:\/\/stampcurio.com\/hu\/termek\/1868-magyarorszag-levante-bukarest-konzulatusi-posta-becsbe-kuldott-portos-level-appel-and-co\/","title":{"rendered":"1868 Magyarorsz\u00e1g Levante &#8211; Bukarest konzul\u00e1tusi posta, B\u00e9csbe k\u00fcld\u00f6tt port\u00f3s lev\u00e9l | Appel and Co."},"content":{"rendered":"","protected":false},"excerpt":{"rendered":"","protected":false},"featured_media":17777,"template":"","meta":[],"product_brand":[],"product_cat":[1178,1172,1208],"product_tag":[1664,1041,108,89,1631,1006],"class_list":{"0":"post-15285","1":"product","2":"type-product","3":"status-publish","4":"has-post-thumbnail","6":"product_cat-ausztria","7":"product_cat-magyarorszag","8":"product_cat-romania","9":"product_tag-2nd-auction-hu","10":"product_tag-marcophily-hu","11":"product_tag-porto","12":"product_tag-postatortenet","13":"product_tag-pre-upu","14":"product_tag-unsold","16":"first","17":"outofstock","18":"sold-individually","19":"shipping-taxable","20":"product-type-simple"},"_links":{"self":[{"href":"https:\/\/stampcurio.com\/hu\/wp-json\/wp\/v2\/product\/15285","targetHints":{"allow":["GET"]}}],"collection":[{"href":"https:\/\/stampcurio.com\/hu\/wp-json\/wp\/v2\/product"}],"about":[{"href":"https:\/\/stampcurio.com\/hu\/wp-json\/wp\/v2\/types\/product"}],"wp:featuredmedia":[{"embeddable":true,"href":"https:\/\/stampcurio.com\/hu\/wp-json\/wp\/v2\/media\/17777"}],"wp:attachment":[{"href":"https:\/\/stampcurio.com\/hu\/wp-json\/wp\/v2\/media?parent=15285"}],"wp:term":[{"taxonomy":"product_brand","embeddable":true,"href":"https:\/\/stampcurio.com\/hu\/wp-json\/wp\/v2\/product_brand?post=15285"},{"taxonomy":"product_cat","embeddable":true,"href":"https:\/\/stampcurio.com\/hu\/wp-json\/wp\/v2\/product_cat?post=15285"},{"taxonomy":"product_tag","embeddable":true,"href":"https:\/\/stampcurio.com\/hu\/wp-json\/wp\/v2\/product_tag?post=15285"}],"curies":[{"name":"wp","href":"https:\/\/api.w.org\/{rel}","templated":true}]}}