{"id":15284,"date":"2024-11-29T18:30:17","date_gmt":"2024-11-29T17:30:17","guid":{"rendered":"https:\/\/stampcurio.com\/product\/187x-british-columbia-3p-pt-szep-jobboldali-ivszellel\/"},"modified":"2025-12-05T04:07:31","modified_gmt":"2025-12-05T03:07:31","slug":"1865-brit-kolumbia-3-pence-postatiszta-belyeg-szep-jobboldali-ivszellel","status":"publish","type":"product","link":"https:\/\/stampcurio.com\/hu\/termek\/1865-brit-kolumbia-3-pence-postatiszta-belyeg-szep-jobboldali-ivszellel\/","title":{"rendered":"1865 Brit-Kolumbia &#8211; 3 pence postatiszta * b\u00e9lyeg, sz\u00e9p jobboldali \u00edvsz\u00e9llel"},"content":{"rendered":"","protected":false},"excerpt":{"rendered":"","protected":false},"featured_media":16870,"template":"","meta":[],"product_brand":[],"product_cat":[1186,1233],"product_tag":[1664,116],"class_list":{"0":"post-15284","1":"product","2":"type-product","3":"status-publish","4":"has-post-thumbnail","6":"product_cat-brit-birodalom","7":"product_cat-kanada","8":"product_tag-2nd-auction-hu","9":"product_tag-belyeg","11":"first","12":"outofstock","13":"sold-individually","14":"shipping-taxable","15":"product-type-simple"},"_links":{"self":[{"href":"https:\/\/stampcurio.com\/hu\/wp-json\/wp\/v2\/product\/15284","targetHints":{"allow":["GET"]}}],"collection":[{"href":"https:\/\/stampcurio.com\/hu\/wp-json\/wp\/v2\/product"}],"about":[{"href":"https:\/\/stampcurio.com\/hu\/wp-json\/wp\/v2\/types\/product"}],"wp:featuredmedia":[{"embeddable":true,"href":"https:\/\/stampcurio.com\/hu\/wp-json\/wp\/v2\/media\/16870"}],"wp:attachment":[{"href":"https:\/\/stampcurio.com\/hu\/wp-json\/wp\/v2\/media?parent=15284"}],"wp:term":[{"taxonomy":"product_brand","embeddable":true,"href":"https:\/\/stampcurio.com\/hu\/wp-json\/wp\/v2\/product_brand?post=15284"},{"taxonomy":"product_cat","embeddable":true,"href":"https:\/\/stampcurio.com\/hu\/wp-json\/wp\/v2\/product_cat?post=15284"},{"taxonomy":"product_tag","embeddable":true,"href":"https:\/\/stampcurio.com\/hu\/wp-json\/wp\/v2\/product_tag?post=15284"}],"curies":[{"name":"wp","href":"https:\/\/api.w.org\/{rel}","templated":true}]}}