{"id":15283,"date":"2024-11-29T18:30:16","date_gmt":"2024-11-29T17:30:16","guid":{"rendered":"https:\/\/stampcurio.com\/product\/1949-lichtenstein-festmenyek-sor-50-pf-erteke-teljes-ivben\/"},"modified":"2025-12-05T04:07:33","modified_gmt":"2025-12-05T03:07:33","slug":"1949-lichtenstein-festmenyek-sor-50-pf-erteke-teljes-postatiszta-ivben","status":"publish","type":"product","link":"https:\/\/stampcurio.com\/hu\/termek\/1949-lichtenstein-festmenyek-sor-50-pf-erteke-teljes-postatiszta-ivben\/","title":{"rendered":"1949 Lichtenstein &#8211; Festm\u00e9nyek sor 50 pf \u00e9rt\u00e9ke teljes postatiszta ** \u00edvben"},"content":{"rendered":"","protected":false},"excerpt":{"rendered":"","protected":false},"featured_media":17753,"template":"","meta":[],"product_brand":[],"product_cat":[1249],"product_tag":[1664,116,1006],"class_list":{"0":"post-15283","1":"product","2":"type-product","3":"status-publish","4":"has-post-thumbnail","6":"product_cat-liechtenstein","7":"product_tag-2nd-auction-hu","8":"product_tag-belyeg","9":"product_tag-unsold","11":"first","12":"outofstock","13":"sold-individually","14":"shipping-taxable","15":"product-type-simple"},"_links":{"self":[{"href":"https:\/\/stampcurio.com\/hu\/wp-json\/wp\/v2\/product\/15283","targetHints":{"allow":["GET"]}}],"collection":[{"href":"https:\/\/stampcurio.com\/hu\/wp-json\/wp\/v2\/product"}],"about":[{"href":"https:\/\/stampcurio.com\/hu\/wp-json\/wp\/v2\/types\/product"}],"wp:featuredmedia":[{"embeddable":true,"href":"https:\/\/stampcurio.com\/hu\/wp-json\/wp\/v2\/media\/17753"}],"wp:attachment":[{"href":"https:\/\/stampcurio.com\/hu\/wp-json\/wp\/v2\/media?parent=15283"}],"wp:term":[{"taxonomy":"product_brand","embeddable":true,"href":"https:\/\/stampcurio.com\/hu\/wp-json\/wp\/v2\/product_brand?post=15283"},{"taxonomy":"product_cat","embeddable":true,"href":"https:\/\/stampcurio.com\/hu\/wp-json\/wp\/v2\/product_cat?post=15283"},{"taxonomy":"product_tag","embeddable":true,"href":"https:\/\/stampcurio.com\/hu\/wp-json\/wp\/v2\/product_tag?post=15283"}],"curies":[{"name":"wp","href":"https:\/\/api.w.org\/{rel}","templated":true}]}}